{"id":314,"date":"2022-03-13T21:15:29","date_gmt":"2022-03-13T21:15:29","guid":{"rendered":"https:\/\/coden.com.br\/semana-da-agua\/?page_id=314"},"modified":"2022-03-14T03:29:23","modified_gmt":"2022-03-14T03:29:23","slug":"e-voce-ja-pensou-em-quanta-agua-precisa-de-verdade","status":"publish","type":"page","link":"https:\/\/coden.com.br\/semana-da-agua\/e-voce-ja-pensou-em-quanta-agua-precisa-de-verdade\/","title":{"rendered":"E voc\u00ea, j\u00e1 pensou em quanta \u00e1gua precisa de verdade?"},"content":{"rendered":"\t\t<div data-elementor-type=\"wp-page\" data-elementor-id=\"314\" class=\"elementor elementor-314\" data-elementor-post-type=\"page\">\n\t\t\t\t\t\t<section class=\"elementor-section elementor-top-section elementor-element elementor-element-58cfd76 elementor-section-boxed elementor-section-height-default elementor-section-height-default tf-sticky-section tf-sticky-no\" data-id=\"58cfd76\" data-element_type=\"section\" data-settings=\"{&quot;tf_sticky&quot;:&quot;no&quot;}\">\n\t\t\t\t\t\t<div class=\"elementor-container elementor-column-gap-default\">\n\t\t\t\t\t<div class=\"elementor-column elementor-col-100 elementor-top-column elementor-element elementor-element-4fe4bdd\" data-id=\"4fe4bdd\" data-element_type=\"column\">\n\t\t\t<div class=\"elementor-widget-wrap elementor-element-populated\">\n\t\t\t\t\t\t<section class=\"elementor-section elementor-inner-section elementor-element elementor-element-a1fc272 elementor-section-boxed elementor-section-height-default elementor-section-height-default tf-sticky-section tf-sticky-no\" data-id=\"a1fc272\" data-element_type=\"section\" data-settings=\"{&quot;tf_sticky&quot;:&quot;no&quot;}\">\n\t\t\t\t\t\t<div class=\"elementor-container elementor-column-gap-default\">\n\t\t\t\t\t<div class=\"elementor-column elementor-col-100 elementor-inner-column elementor-element elementor-element-a379ef6\" data-id=\"a379ef6\" data-element_type=\"column\">\n\t\t\t<div class=\"elementor-widget-wrap elementor-element-populated\">\n\t\t\t\t\t\t<div class=\"elementor-element elementor-element-a2f1905 elementor-widget elementor-widget-image\" data-id=\"a2f1905\" data-element_type=\"widget\" data-widget_type=\"image.default\">\n\t\t\t\t<div class=\"elementor-widget-container\">\n\t\t\t\t\t\t\t\t\t\t\t\t\t\t\t<img fetchpriority=\"high\" decoding=\"async\" width=\"800\" height=\"567\" src=\"https:\/\/coden.com.br\/semana-da-agua\/wp-content\/uploads\/2022\/03\/Mulher-pensando-copiar-1024x726.png\" class=\"attachment-large size-large wp-image-187\" alt=\"\" srcset=\"https:\/\/coden.com.br\/semana-da-agua\/wp-content\/uploads\/2022\/03\/Mulher-pensando-copiar-1024x726.png 1024w, https:\/\/coden.com.br\/semana-da-agua\/wp-content\/uploads\/2022\/03\/Mulher-pensando-copiar-300x213.png 300w, https:\/\/coden.com.br\/semana-da-agua\/wp-content\/uploads\/2022\/03\/Mulher-pensando-copiar-768x545.png 768w, https:\/\/coden.com.br\/semana-da-agua\/wp-content\/uploads\/2022\/03\/Mulher-pensando-copiar-1536x1090.png 1536w, https:\/\/coden.com.br\/semana-da-agua\/wp-content\/uploads\/2022\/03\/Mulher-pensando-copiar.png 1748w\" sizes=\"(max-width: 800px) 100vw, 800px\" \/>\t\t\t\t\t\t\t\t\t\t\t\t\t\t\t<\/div>\n\t\t\t\t<\/div>\n\t\t\t\t\t<\/div>\n\t\t<\/div>\n\t\t\t\t\t<\/div>\n\t\t<\/section>\n\t\t\t\t<section class=\"elementor-section elementor-inner-section elementor-element elementor-element-604becf elementor-section-boxed elementor-section-height-default elementor-section-height-default tf-sticky-section tf-sticky-no\" data-id=\"604becf\" data-element_type=\"section\" data-settings=\"{&quot;tf_sticky&quot;:&quot;no&quot;}\">\n\t\t\t\t\t\t<div class=\"elementor-container elementor-column-gap-default\">\n\t\t\t\t\t<div class=\"elementor-column elementor-col-100 elementor-inner-column elementor-element elementor-element-14abef0\" data-id=\"14abef0\" data-element_type=\"column\">\n\t\t\t<div class=\"elementor-widget-wrap elementor-element-populated\">\n\t\t\t\t\t\t<div class=\"elementor-element elementor-element-a38e9b7 elementor-widget elementor-widget-heading\" data-id=\"a38e9b7\" data-element_type=\"widget\" data-widget_type=\"heading.default\">\n\t\t\t\t<div class=\"elementor-widget-container\">\n\t\t\t\t\t<h3 class=\"elementor-heading-title elementor-size-default\">E voc\u00ea, j\u00e1 pensou em quanta \u00e1gua precisa de verdade?<\/h3>\t\t\t\t<\/div>\n\t\t\t\t<\/div>\n\t\t\t\t\t<\/div>\n\t\t<\/div>\n\t\t\t\t\t<\/div>\n\t\t<\/section>\n\t\t\t\t<section class=\"elementor-section elementor-inner-section elementor-element elementor-element-0bb09b1 elementor-section-boxed elementor-section-height-default elementor-section-height-default tf-sticky-section tf-sticky-no\" data-id=\"0bb09b1\" data-element_type=\"section\" data-settings=\"{&quot;tf_sticky&quot;:&quot;no&quot;}\">\n\t\t\t\t\t\t<div class=\"elementor-container elementor-column-gap-default\">\n\t\t\t\t\t<div class=\"elementor-column elementor-col-100 elementor-inner-column elementor-element elementor-element-df59fd6\" data-id=\"df59fd6\" data-element_type=\"column\">\n\t\t\t<div class=\"elementor-widget-wrap elementor-element-populated\">\n\t\t\t\t\t\t<div class=\"elementor-element elementor-element-036fa30 elementor-drop-cap-yes elementor-drop-cap-view-default elementor-widget elementor-widget-text-editor\" data-id=\"036fa30\" data-element_type=\"widget\" data-settings=\"{&quot;drop_cap&quot;:&quot;yes&quot;}\" data-widget_type=\"text-editor.default\">\n\t\t\t\t<div class=\"elementor-widget-container\">\n\t\t\t\t\t\t\t\t\t<p>No dia 22 de mar\u00e7o de 1992, a Organiza\u00e7\u00e3o das Na\u00e7\u00f5es Unidas (ONU) criou o Dia Mundial da \u00c1gua. A data \u00e9 comemorada anualmente como um esfor\u00e7o da comunidade internacional para colocar em pauta quest\u00f5es que envolvem os recursos h\u00eddricos.<br><\/p><p>A Coden aproveita essa oportunidade para fazer um convite a toda popula\u00e7\u00e3o de Nova Odessa sobre esse recurso t\u00e3o precioso e escasso: ajude a preservar a \u00e1gua usando a quantidade que voc\u00ea realmente precisa. Essa \u00e9 uma responsabilidade coletiva que s\u00f3 vamos exercer estando <strong>\u201cTodos Juntos pela \u00c1gua\u201d<\/strong>.<\/p>\n<p>Venha com a gente fazer parte desse time!<\/p>\t\t\t\t\t\t\t\t<\/div>\n\t\t\t\t<\/div>\n\t\t\t\t\t<\/div>\n\t\t<\/div>\n\t\t\t\t\t<\/div>\n\t\t<\/section>\n\t\t\t\t\t<\/div>\n\t\t<\/div>\n\t\t\t\t\t<\/div>\n\t\t<\/section>\n\t\t\t\t<\/div>\n\t\t","protected":false},"excerpt":{"rendered":"<p>E voc\u00ea, j\u00e1 pensou em quanta \u00e1gua precisa de verdade? No dia 22 de mar\u00e7o de 1992, a Organiza\u00e7\u00e3o das Na\u00e7\u00f5es Unidas (ONU) criou o Dia Mundial da \u00c1gua. A data \u00e9 comemorada anualmente como um esfor\u00e7o da comunidade internacional para colocar em pauta quest\u00f5es que envolvem os recursos h\u00eddricos. A Coden aproveita essa oportunidade [&hellip;]<\/p>\n","protected":false},"author":2,"featured_media":0,"parent":0,"menu_order":0,"comment_status":"closed","ping_status":"closed","template":"","meta":{"footnotes":""},"class_list":["post-314","page","type-page","status-publish","hentry"],"yoast_head":"<!-- This site is optimized with the Yoast SEO plugin v26.9 - https:\/\/yoast.com\/product\/yoast-seo-wordpress\/ -->\n<title>E voc\u00ea, j\u00e1 pensou em quanta \u00e1gua precisa de verdade? - Coden Ambiental<\/title>\n<meta name=\"robots\" content=\"index, follow, max-snippet:-1, max-image-preview:large, max-video-preview:-1\" \/>\n<link rel=\"canonical\" href=\"https:\/\/coden.com.br\/semana-da-agua\/e-voce-ja-pensou-em-quanta-agua-precisa-de-verdade\/\" \/>\n<meta property=\"og:locale\" content=\"pt_BR\" \/>\n<meta property=\"og:type\" content=\"article\" \/>\n<meta property=\"og:title\" content=\"E voc\u00ea, j\u00e1 pensou em quanta \u00e1gua precisa de verdade? - Coden Ambiental\" \/>\n<meta property=\"og:description\" content=\"E voc\u00ea, j\u00e1 pensou em quanta \u00e1gua precisa de verdade? No dia 22 de mar\u00e7o de 1992, a Organiza\u00e7\u00e3o das Na\u00e7\u00f5es Unidas (ONU) criou o Dia Mundial da \u00c1gua. A data \u00e9 comemorada anualmente como um esfor\u00e7o da comunidade internacional para colocar em pauta quest\u00f5es que envolvem os recursos h\u00eddricos. A Coden aproveita essa oportunidade [&hellip;]\" \/>\n<meta property=\"og:url\" content=\"https:\/\/coden.com.br\/semana-da-agua\/e-voce-ja-pensou-em-quanta-agua-precisa-de-verdade\/\" \/>\n<meta property=\"og:site_name\" content=\"Coden Ambiental\" \/>\n<meta property=\"article:publisher\" content=\"https:\/\/www.facebook.com\/codenambiental\/\" \/>\n<meta property=\"article:modified_time\" content=\"2022-03-14T03:29:23+00:00\" \/>\n<meta property=\"og:image\" content=\"https:\/\/coden.com.br\/semana-da-agua\/wp-content\/uploads\/2022\/03\/Mulher-pensando-copiar-1024x726.png\" \/>\n<meta name=\"twitter:card\" content=\"summary_large_image\" \/>\n<meta name=\"twitter:label1\" content=\"Est. tempo de leitura\" \/>\n\t<meta name=\"twitter:data1\" content=\"1 minuto\" \/>\n<script type=\"application\/ld+json\" class=\"yoast-schema-graph\">{\"@context\":\"https:\/\/schema.org\",\"@graph\":[{\"@type\":\"WebPage\",\"@id\":\"https:\/\/coden.com.br\/semana-da-agua\/e-voce-ja-pensou-em-quanta-agua-precisa-de-verdade\/\",\"url\":\"https:\/\/coden.com.br\/semana-da-agua\/e-voce-ja-pensou-em-quanta-agua-precisa-de-verdade\/\",\"name\":\"E voc\u00ea, j\u00e1 pensou em quanta \u00e1gua precisa de verdade? - Coden Ambiental\",\"isPartOf\":{\"@id\":\"https:\/\/coden.com.br\/semana-da-agua\/#website\"},\"primaryImageOfPage\":{\"@id\":\"https:\/\/coden.com.br\/semana-da-agua\/e-voce-ja-pensou-em-quanta-agua-precisa-de-verdade\/#primaryimage\"},\"image\":{\"@id\":\"https:\/\/coden.com.br\/semana-da-agua\/e-voce-ja-pensou-em-quanta-agua-precisa-de-verdade\/#primaryimage\"},\"thumbnailUrl\":\"https:\/\/coden.com.br\/semana-da-agua\/wp-content\/uploads\/2022\/03\/Mulher-pensando-copiar-1024x726.png\",\"datePublished\":\"2022-03-13T21:15:29+00:00\",\"dateModified\":\"2022-03-14T03:29:23+00:00\",\"breadcrumb\":{\"@id\":\"https:\/\/coden.com.br\/semana-da-agua\/e-voce-ja-pensou-em-quanta-agua-precisa-de-verdade\/#breadcrumb\"},\"inLanguage\":\"pt-BR\",\"potentialAction\":[{\"@type\":\"ReadAction\",\"target\":[\"https:\/\/coden.com.br\/semana-da-agua\/e-voce-ja-pensou-em-quanta-agua-precisa-de-verdade\/\"]}]},{\"@type\":\"ImageObject\",\"inLanguage\":\"pt-BR\",\"@id\":\"https:\/\/coden.com.br\/semana-da-agua\/e-voce-ja-pensou-em-quanta-agua-precisa-de-verdade\/#primaryimage\",\"url\":\"https:\/\/coden.com.br\/semana-da-agua\/wp-content\/uploads\/2022\/03\/Mulher-pensando-copiar.png\",\"contentUrl\":\"https:\/\/coden.com.br\/semana-da-agua\/wp-content\/uploads\/2022\/03\/Mulher-pensando-copiar.png\",\"width\":1748,\"height\":1240},{\"@type\":\"BreadcrumbList\",\"@id\":\"https:\/\/coden.com.br\/semana-da-agua\/e-voce-ja-pensou-em-quanta-agua-precisa-de-verdade\/#breadcrumb\",\"itemListElement\":[{\"@type\":\"ListItem\",\"position\":1,\"name\":\"In\u00edcio\",\"item\":\"https:\/\/coden.com.br\/semana-da-agua\/\"},{\"@type\":\"ListItem\",\"position\":2,\"name\":\"E voc\u00ea, j\u00e1 pensou em quanta \u00e1gua precisa de verdade?\"}]},{\"@type\":\"WebSite\",\"@id\":\"https:\/\/coden.com.br\/semana-da-agua\/#website\",\"url\":\"https:\/\/coden.com.br\/semana-da-agua\/\",\"name\":\"Coden Ambiental\",\"description\":\"Semana da \u00c1gua Coden Ambiental\",\"publisher\":{\"@id\":\"https:\/\/coden.com.br\/semana-da-agua\/#organization\"},\"potentialAction\":[{\"@type\":\"SearchAction\",\"target\":{\"@type\":\"EntryPoint\",\"urlTemplate\":\"https:\/\/coden.com.br\/semana-da-agua\/?s={search_term_string}\"},\"query-input\":{\"@type\":\"PropertyValueSpecification\",\"valueRequired\":true,\"valueName\":\"search_term_string\"}}],\"inLanguage\":\"pt-BR\"},{\"@type\":\"Organization\",\"@id\":\"https:\/\/coden.com.br\/semana-da-agua\/#organization\",\"name\":\"Coden Ambinetal\",\"url\":\"https:\/\/coden.com.br\/semana-da-agua\/\",\"logo\":{\"@type\":\"ImageObject\",\"inLanguage\":\"pt-BR\",\"@id\":\"https:\/\/coden.com.br\/semana-da-agua\/#\/schema\/logo\/image\/\",\"url\":\"https:\/\/coden.com.br\/semana-da-agua\/wp-content\/uploads\/2022\/03\/cropped-logocoden.png\",\"contentUrl\":\"https:\/\/coden.com.br\/semana-da-agua\/wp-content\/uploads\/2022\/03\/cropped-logocoden.png\",\"width\":1043,\"height\":298,\"caption\":\"Coden Ambinetal\"},\"image\":{\"@id\":\"https:\/\/coden.com.br\/semana-da-agua\/#\/schema\/logo\/image\/\"},\"sameAs\":[\"https:\/\/www.facebook.com\/codenambiental\/\"]}]}<\/script>\n<!-- \/ Yoast SEO plugin. -->","yoast_head_json":{"title":"E voc\u00ea, j\u00e1 pensou em quanta \u00e1gua precisa de verdade? - Coden Ambiental","robots":{"index":"index","follow":"follow","max-snippet":"max-snippet:-1","max-image-preview":"max-image-preview:large","max-video-preview":"max-video-preview:-1"},"canonical":"https:\/\/coden.com.br\/semana-da-agua\/e-voce-ja-pensou-em-quanta-agua-precisa-de-verdade\/","og_locale":"pt_BR","og_type":"article","og_title":"E voc\u00ea, j\u00e1 pensou em quanta \u00e1gua precisa de verdade? - Coden Ambiental","og_description":"E voc\u00ea, j\u00e1 pensou em quanta \u00e1gua precisa de verdade? No dia 22 de mar\u00e7o de 1992, a Organiza\u00e7\u00e3o das Na\u00e7\u00f5es Unidas (ONU) criou o Dia Mundial da \u00c1gua. A data \u00e9 comemorada anualmente como um esfor\u00e7o da comunidade internacional para colocar em pauta quest\u00f5es que envolvem os recursos h\u00eddricos. A Coden aproveita essa oportunidade [&hellip;]","og_url":"https:\/\/coden.com.br\/semana-da-agua\/e-voce-ja-pensou-em-quanta-agua-precisa-de-verdade\/","og_site_name":"Coden Ambiental","article_publisher":"https:\/\/www.facebook.com\/codenambiental\/","article_modified_time":"2022-03-14T03:29:23+00:00","og_image":[{"url":"https:\/\/coden.com.br\/semana-da-agua\/wp-content\/uploads\/2022\/03\/Mulher-pensando-copiar-1024x726.png","type":"","width":"","height":""}],"twitter_card":"summary_large_image","twitter_misc":{"Est. tempo de leitura":"1 minuto"},"schema":{"@context":"https:\/\/schema.org","@graph":[{"@type":"WebPage","@id":"https:\/\/coden.com.br\/semana-da-agua\/e-voce-ja-pensou-em-quanta-agua-precisa-de-verdade\/","url":"https:\/\/coden.com.br\/semana-da-agua\/e-voce-ja-pensou-em-quanta-agua-precisa-de-verdade\/","name":"E voc\u00ea, j\u00e1 pensou em quanta \u00e1gua precisa de verdade? - Coden Ambiental","isPartOf":{"@id":"https:\/\/coden.com.br\/semana-da-agua\/#website"},"primaryImageOfPage":{"@id":"https:\/\/coden.com.br\/semana-da-agua\/e-voce-ja-pensou-em-quanta-agua-precisa-de-verdade\/#primaryimage"},"image":{"@id":"https:\/\/coden.com.br\/semana-da-agua\/e-voce-ja-pensou-em-quanta-agua-precisa-de-verdade\/#primaryimage"},"thumbnailUrl":"https:\/\/coden.com.br\/semana-da-agua\/wp-content\/uploads\/2022\/03\/Mulher-pensando-copiar-1024x726.png","datePublished":"2022-03-13T21:15:29+00:00","dateModified":"2022-03-14T03:29:23+00:00","breadcrumb":{"@id":"https:\/\/coden.com.br\/semana-da-agua\/e-voce-ja-pensou-em-quanta-agua-precisa-de-verdade\/#breadcrumb"},"inLanguage":"pt-BR","potentialAction":[{"@type":"ReadAction","target":["https:\/\/coden.com.br\/semana-da-agua\/e-voce-ja-pensou-em-quanta-agua-precisa-de-verdade\/"]}]},{"@type":"ImageObject","inLanguage":"pt-BR","@id":"https:\/\/coden.com.br\/semana-da-agua\/e-voce-ja-pensou-em-quanta-agua-precisa-de-verdade\/#primaryimage","url":"https:\/\/coden.com.br\/semana-da-agua\/wp-content\/uploads\/2022\/03\/Mulher-pensando-copiar.png","contentUrl":"https:\/\/coden.com.br\/semana-da-agua\/wp-content\/uploads\/2022\/03\/Mulher-pensando-copiar.png","width":1748,"height":1240},{"@type":"BreadcrumbList","@id":"https:\/\/coden.com.br\/semana-da-agua\/e-voce-ja-pensou-em-quanta-agua-precisa-de-verdade\/#breadcrumb","itemListElement":[{"@type":"ListItem","position":1,"name":"In\u00edcio","item":"https:\/\/coden.com.br\/semana-da-agua\/"},{"@type":"ListItem","position":2,"name":"E voc\u00ea, j\u00e1 pensou em quanta \u00e1gua precisa de verdade?"}]},{"@type":"WebSite","@id":"https:\/\/coden.com.br\/semana-da-agua\/#website","url":"https:\/\/coden.com.br\/semana-da-agua\/","name":"Coden Ambiental","description":"Semana da \u00c1gua Coden Ambiental","publisher":{"@id":"https:\/\/coden.com.br\/semana-da-agua\/#organization"},"potentialAction":[{"@type":"SearchAction","target":{"@type":"EntryPoint","urlTemplate":"https:\/\/coden.com.br\/semana-da-agua\/?s={search_term_string}"},"query-input":{"@type":"PropertyValueSpecification","valueRequired":true,"valueName":"search_term_string"}}],"inLanguage":"pt-BR"},{"@type":"Organization","@id":"https:\/\/coden.com.br\/semana-da-agua\/#organization","name":"Coden Ambinetal","url":"https:\/\/coden.com.br\/semana-da-agua\/","logo":{"@type":"ImageObject","inLanguage":"pt-BR","@id":"https:\/\/coden.com.br\/semana-da-agua\/#\/schema\/logo\/image\/","url":"https:\/\/coden.com.br\/semana-da-agua\/wp-content\/uploads\/2022\/03\/cropped-logocoden.png","contentUrl":"https:\/\/coden.com.br\/semana-da-agua\/wp-content\/uploads\/2022\/03\/cropped-logocoden.png","width":1043,"height":298,"caption":"Coden Ambinetal"},"image":{"@id":"https:\/\/coden.com.br\/semana-da-agua\/#\/schema\/logo\/image\/"},"sameAs":["https:\/\/www.facebook.com\/codenambiental\/"]}]}},"_links":{"self":[{"href":"https:\/\/coden.com.br\/semana-da-agua\/wp-json\/wp\/v2\/pages\/314","targetHints":{"allow":["GET"]}}],"collection":[{"href":"https:\/\/coden.com.br\/semana-da-agua\/wp-json\/wp\/v2\/pages"}],"about":[{"href":"https:\/\/coden.com.br\/semana-da-agua\/wp-json\/wp\/v2\/types\/page"}],"author":[{"embeddable":true,"href":"https:\/\/coden.com.br\/semana-da-agua\/wp-json\/wp\/v2\/users\/2"}],"replies":[{"embeddable":true,"href":"https:\/\/coden.com.br\/semana-da-agua\/wp-json\/wp\/v2\/comments?post=314"}],"version-history":[{"count":10,"href":"https:\/\/coden.com.br\/semana-da-agua\/wp-json\/wp\/v2\/pages\/314\/revisions"}],"predecessor-version":[{"id":512,"href":"https:\/\/coden.com.br\/semana-da-agua\/wp-json\/wp\/v2\/pages\/314\/revisions\/512"}],"wp:attachment":[{"href":"https:\/\/coden.com.br\/semana-da-agua\/wp-json\/wp\/v2\/media?parent=314"}],"curies":[{"name":"wp","href":"https:\/\/api.w.org\/{rel}","templated":true}]}}