{"id":297,"date":"2022-03-13T19:40:58","date_gmt":"2022-03-13T19:40:58","guid":{"rendered":"https:\/\/coden.com.br\/semana-da-agua\/?page_id=297"},"modified":"2023-03-14T17:53:29","modified_gmt":"2023-03-14T17:53:29","slug":"precisamos-cuidar-bem-da-agua","status":"publish","type":"page","link":"https:\/\/coden.com.br\/semana-da-agua\/precisamos-cuidar-bem-da-agua\/","title":{"rendered":"Precisamos cuidar bem da \u00e1gua"},"content":{"rendered":"\t\t<div data-elementor-type=\"wp-page\" data-elementor-id=\"297\" class=\"elementor elementor-297\" data-elementor-post-type=\"page\">\n\t\t\t\t\t\t<section class=\"elementor-section elementor-top-section elementor-element elementor-element-9b0fdca elementor-section-boxed elementor-section-height-default elementor-section-height-default tf-sticky-section tf-sticky-no\" data-id=\"9b0fdca\" data-element_type=\"section\" data-settings=\"{&quot;tf_sticky&quot;:&quot;no&quot;}\">\n\t\t\t\t\t\t<div class=\"elementor-container elementor-column-gap-default\">\n\t\t\t\t\t<div class=\"elementor-column elementor-col-100 elementor-top-column elementor-element elementor-element-5c93187\" data-id=\"5c93187\" data-element_type=\"column\">\n\t\t\t<div class=\"elementor-widget-wrap elementor-element-populated\">\n\t\t\t\t\t\t<section class=\"elementor-section elementor-inner-section elementor-element elementor-element-1ac6109 elementor-section-boxed elementor-section-height-default elementor-section-height-default tf-sticky-section tf-sticky-no\" data-id=\"1ac6109\" data-element_type=\"section\" data-settings=\"{&quot;tf_sticky&quot;:&quot;no&quot;}\">\n\t\t\t\t\t\t<div class=\"elementor-container elementor-column-gap-default\">\n\t\t\t\t\t<div class=\"elementor-column elementor-col-100 elementor-inner-column elementor-element elementor-element-756bf1c\" data-id=\"756bf1c\" data-element_type=\"column\">\n\t\t\t<div class=\"elementor-widget-wrap elementor-element-populated\">\n\t\t\t\t\t\t<div class=\"elementor-element elementor-element-76e3dea elementor-widget elementor-widget-image\" data-id=\"76e3dea\" data-element_type=\"widget\" data-widget_type=\"image.default\">\n\t\t\t\t<div class=\"elementor-widget-container\">\n\t\t\t\t\t\t\t\t\t\t\t\t\t\t\t<img fetchpriority=\"high\" decoding=\"async\" width=\"756\" height=\"425\" src=\"https:\/\/coden.com.br\/semana-da-agua\/wp-content\/uploads\/2022\/03\/4-copiar.png\" class=\"attachment-large size-large wp-image-186\" alt=\"\" srcset=\"https:\/\/coden.com.br\/semana-da-agua\/wp-content\/uploads\/2022\/03\/4-copiar.png 756w, https:\/\/coden.com.br\/semana-da-agua\/wp-content\/uploads\/2022\/03\/4-copiar-300x169.png 300w\" sizes=\"(max-width: 756px) 100vw, 756px\" \/>\t\t\t\t\t\t\t\t\t\t\t\t\t\t\t<\/div>\n\t\t\t\t<\/div>\n\t\t\t\t<div class=\"elementor-element elementor-element-baeb568 elementor-widget elementor-widget-spacer\" data-id=\"baeb568\" data-element_type=\"widget\" data-widget_type=\"spacer.default\">\n\t\t\t\t<div class=\"elementor-widget-container\">\n\t\t\t\t\t\t\t<div class=\"elementor-spacer\">\n\t\t\t<div class=\"elementor-spacer-inner\"><\/div>\n\t\t<\/div>\n\t\t\t\t\t\t<\/div>\n\t\t\t\t<\/div>\n\t\t\t\t\t<\/div>\n\t\t<\/div>\n\t\t\t\t\t<\/div>\n\t\t<\/section>\n\t\t\t\t<section class=\"elementor-section elementor-inner-section elementor-element elementor-element-6986cc7 elementor-section-boxed elementor-section-height-default elementor-section-height-default tf-sticky-section tf-sticky-no\" data-id=\"6986cc7\" data-element_type=\"section\" data-settings=\"{&quot;tf_sticky&quot;:&quot;no&quot;}\">\n\t\t\t\t\t\t<div class=\"elementor-container elementor-column-gap-default\">\n\t\t\t\t\t<div class=\"elementor-column elementor-col-100 elementor-inner-column elementor-element elementor-element-bbdd377\" data-id=\"bbdd377\" data-element_type=\"column\">\n\t\t\t<div class=\"elementor-widget-wrap elementor-element-populated\">\n\t\t\t\t\t\t<div class=\"elementor-element elementor-element-4dc8ae5 elementor-widget elementor-widget-heading\" data-id=\"4dc8ae5\" data-element_type=\"widget\" data-widget_type=\"heading.default\">\n\t\t\t\t<div class=\"elementor-widget-container\">\n\t\t\t\t\t<h3 class=\"elementor-heading-title elementor-size-default\">Precisamos cuidar bem da \u00e1gua<\/h3>\t\t\t\t<\/div>\n\t\t\t\t<\/div>\n\t\t\t\t\t<\/div>\n\t\t<\/div>\n\t\t\t\t\t<\/div>\n\t\t<\/section>\n\t\t\t\t<div class=\"elementor-element elementor-element-f82163d elementor-widget elementor-widget-spacer\" data-id=\"f82163d\" data-element_type=\"widget\" data-widget_type=\"spacer.default\">\n\t\t\t\t<div class=\"elementor-widget-container\">\n\t\t\t\t\t\t\t<div class=\"elementor-spacer\">\n\t\t\t<div class=\"elementor-spacer-inner\"><\/div>\n\t\t<\/div>\n\t\t\t\t\t\t<\/div>\n\t\t\t\t<\/div>\n\t\t\t\t<section class=\"elementor-section elementor-inner-section elementor-element elementor-element-c84120d elementor-section-boxed elementor-section-height-default elementor-section-height-default tf-sticky-section tf-sticky-no\" data-id=\"c84120d\" data-element_type=\"section\" data-settings=\"{&quot;tf_sticky&quot;:&quot;no&quot;}\">\n\t\t\t\t\t\t<div class=\"elementor-container elementor-column-gap-default\">\n\t\t\t\t\t<div class=\"elementor-column elementor-col-100 elementor-inner-column elementor-element elementor-element-caddda4\" data-id=\"caddda4\" data-element_type=\"column\">\n\t\t\t<div class=\"elementor-widget-wrap elementor-element-populated\">\n\t\t\t\t\t\t<div class=\"elementor-element elementor-element-c3ce3fe elementor-widget elementor-widget-image\" data-id=\"c3ce3fe\" data-element_type=\"widget\" data-widget_type=\"image.default\">\n\t\t\t\t<div class=\"elementor-widget-container\">\n\t\t\t\t\t\t\t\t\t\t\t\t<figure class=\"wp-caption\">\n\t\t\t\t\t\t\t\t\t\t<img decoding=\"async\" width=\"567\" height=\"425\" src=\"https:\/\/coden.com.br\/semana-da-agua\/wp-content\/uploads\/2022\/03\/Estacao-de-Tratamento-de-Agua-ETA-1-copiar.png\" class=\"attachment-large size-large wp-image-303\" alt=\"\" srcset=\"https:\/\/coden.com.br\/semana-da-agua\/wp-content\/uploads\/2022\/03\/Estacao-de-Tratamento-de-Agua-ETA-1-copiar.png 567w, https:\/\/coden.com.br\/semana-da-agua\/wp-content\/uploads\/2022\/03\/Estacao-de-Tratamento-de-Agua-ETA-1-copiar-300x225.png 300w\" sizes=\"(max-width: 567px) 100vw, 567px\" \/>\t\t\t\t\t\t\t\t\t\t\t<figcaption class=\"widget-image-caption wp-caption-text\">Esta\u00e7\u00e3o de Tratamento de \u00c1gua - ETA 1<\/figcaption>\n\t\t\t\t\t\t\t\t\t\t<\/figure>\n\t\t\t\t\t\t\t\t\t<\/div>\n\t\t\t\t<\/div>\n\t\t\t\t<div class=\"elementor-element elementor-element-733b1ee elementor-widget elementor-widget-spacer\" data-id=\"733b1ee\" data-element_type=\"widget\" data-widget_type=\"spacer.default\">\n\t\t\t\t<div class=\"elementor-widget-container\">\n\t\t\t\t\t\t\t<div class=\"elementor-spacer\">\n\t\t\t<div class=\"elementor-spacer-inner\"><\/div>\n\t\t<\/div>\n\t\t\t\t\t\t<\/div>\n\t\t\t\t<\/div>\n\t\t\t\t<div class=\"elementor-element elementor-element-db0254b elementor-drop-cap-yes elementor-drop-cap-view-default elementor-widget elementor-widget-text-editor\" data-id=\"db0254b\" data-element_type=\"widget\" data-settings=\"{&quot;drop_cap&quot;:&quot;yes&quot;}\" data-widget_type=\"text-editor.default\">\n\t\t\t\t<div class=\"elementor-widget-container\">\n\t\t\t\t\t\t\t\t\t<p>\u00c9 s\u00e9rio: a \u00e1gua \u00e9 um recurso limitado, \u00e9 preciso cuidar bem dela para que n\u00e3o falte. Uma das melhores maneiras de cuidar bem da nossa \u00e1gua \u00e9 us\u00e1-la de forma racional. E todos os usu\u00e1rios da \u00e1gua, sejam grandes ou pequenos consumidores, podem e devem dar uma parcela de contribui\u00e7\u00e3o para que a \u00e1gua seja oferecida em quantidade e qualidade, come\u00e7ando pelo combate ao desperd\u00edcio.<\/p><p>Ali\u00e1s, economizar \u00e1gua em todas as atividades tamb\u00e9m ajuda a reduzir o custo da energia el\u00e9trica. Acredite, com o uso racional da \u00e1gua, mesmo realizando as mesmas coisas, suas contas de \u00e1gua e eletricidade v\u00e3o diminuir muito. <\/p><p>A Coden tamb\u00e9m faz a sua parte para aumentar a disponibilidade da \u00e1gua, seja fiscalizando, mantendo em dia a manuten\u00e7\u00e3o e corrigindo rapidamente problemas e vazamentos em tubula\u00e7\u00f5es, adutoras, reservat\u00f3rios, nas esta\u00e7\u00f5es de capta\u00e7\u00e3o de \u00e1gua e nas esta\u00e7\u00f5es de tratamento de \u00e1gua e de esgoto.<\/p><p>Desde 2009, tamb\u00e9m realiza o monitoramento remoto, por sistema de telemetria, em tempo real, da press\u00e3o e vaz\u00e3o em 52 pontos das redes e dos volumes registrados na sa\u00edda dos reservat\u00f3rios. Em 13 anos, o \u00edndice de perda de \u00e1gua caiu de 49% para 28%, um dos mais baixos da regi\u00e3o. Al\u00e9m disso, macromedidores de vaz\u00e3o est\u00e3o instalados em v\u00e1rios locais da rede para garantir<br \/>uma medi\u00e7\u00e3o real das perdas.<\/p><p>Outro esfor\u00e7o da empresa \u00e9 a constante renova\u00e7\u00e3o do parque de hidr\u00f4metros residenciais, com a troca daqueles que possuem mais de cinco anos de uso.<\/p><p>As a\u00e7\u00f5es da Coden de combate a perdas tamb\u00e9m j\u00e1 resultaram na troca de 76,14 Km da rede de \u00e1gua por tubula\u00e7\u00f5es em PEAD, extinguindo-se materiais como ferro fundido, cimento amianto e outros. Hoje, toda a rede de distribui\u00e7\u00e3o de \u00e1gua do munic\u00edpio conta com tubula\u00e7\u00f5es de alta resist\u00eancia, em PEAD e PVC.<\/p><p>Recentemente, a Coden realizou o desassoreamento da represa S\u00e3o Jorge e a limpeza das demais represas que comp\u00f5em o sistema de capta\u00e7\u00e3o de \u00e1gua de Nova Odessa. Al\u00e9m disso, est\u00e1 em busca de recursos financeiros para a constru\u00e7\u00e3o de uma nova represa &#8211; a Recanto 4 -, que dever\u00e1 ser utilizada como fonte de capta\u00e7\u00e3o e armazenamento de \u00e1gua.<\/p>\t\t\t\t\t\t\t\t<\/div>\n\t\t\t\t<\/div>\n\t\t\t\t\t<\/div>\n\t\t<\/div>\n\t\t\t\t\t<\/div>\n\t\t<\/section>\n\t\t\t\t\t<\/div>\n\t\t<\/div>\n\t\t\t\t\t<\/div>\n\t\t<\/section>\n\t\t\t\t<\/div>\n\t\t","protected":false},"excerpt":{"rendered":"<p>Precisamos cuidar bem da \u00e1gua Esta\u00e7\u00e3o de Tratamento de \u00c1gua &#8211; ETA 1 \u00c9 s\u00e9rio: a \u00e1gua \u00e9 um recurso limitado, \u00e9 preciso cuidar bem dela para que n\u00e3o falte. Uma das melhores maneiras de cuidar bem da nossa \u00e1gua \u00e9 us\u00e1-la de forma racional. E todos os usu\u00e1rios da \u00e1gua, sejam grandes ou pequenos [&hellip;]<\/p>\n","protected":false},"author":2,"featured_media":0,"parent":0,"menu_order":0,"comment_status":"closed","ping_status":"closed","template":"","meta":{"footnotes":""},"class_list":["post-297","page","type-page","status-publish","hentry"],"yoast_head":"<!-- This site is optimized with the Yoast SEO plugin v26.9 - https:\/\/yoast.com\/product\/yoast-seo-wordpress\/ -->\n<title>Precisamos cuidar bem da \u00e1gua - Coden Ambiental<\/title>\n<meta name=\"robots\" content=\"index, follow, max-snippet:-1, max-image-preview:large, max-video-preview:-1\" \/>\n<link rel=\"canonical\" href=\"https:\/\/coden.com.br\/semana-da-agua\/precisamos-cuidar-bem-da-agua\/\" \/>\n<meta property=\"og:locale\" content=\"pt_BR\" \/>\n<meta property=\"og:type\" content=\"article\" \/>\n<meta property=\"og:title\" content=\"Precisamos cuidar bem da \u00e1gua - Coden Ambiental\" \/>\n<meta property=\"og:description\" content=\"Precisamos cuidar bem da \u00e1gua Esta\u00e7\u00e3o de Tratamento de \u00c1gua &#8211; ETA 1 \u00c9 s\u00e9rio: a \u00e1gua \u00e9 um recurso limitado, \u00e9 preciso cuidar bem dela para que n\u00e3o falte. Uma das melhores maneiras de cuidar bem da nossa \u00e1gua \u00e9 us\u00e1-la de forma racional. E todos os usu\u00e1rios da \u00e1gua, sejam grandes ou pequenos [&hellip;]\" \/>\n<meta property=\"og:url\" content=\"https:\/\/coden.com.br\/semana-da-agua\/precisamos-cuidar-bem-da-agua\/\" \/>\n<meta property=\"og:site_name\" content=\"Coden Ambiental\" \/>\n<meta property=\"article:publisher\" content=\"https:\/\/www.facebook.com\/codenambiental\/\" \/>\n<meta property=\"article:modified_time\" content=\"2023-03-14T17:53:29+00:00\" \/>\n<meta property=\"og:image\" content=\"https:\/\/coden.com.br\/semana-da-agua\/wp-content\/uploads\/2022\/03\/4-copiar.png\" \/>\n<meta name=\"twitter:card\" content=\"summary_large_image\" \/>\n<meta name=\"twitter:label1\" content=\"Est. tempo de leitura\" \/>\n\t<meta name=\"twitter:data1\" content=\"3 minutos\" \/>\n<script type=\"application\/ld+json\" class=\"yoast-schema-graph\">{\"@context\":\"https:\/\/schema.org\",\"@graph\":[{\"@type\":\"WebPage\",\"@id\":\"https:\/\/coden.com.br\/semana-da-agua\/precisamos-cuidar-bem-da-agua\/\",\"url\":\"https:\/\/coden.com.br\/semana-da-agua\/precisamos-cuidar-bem-da-agua\/\",\"name\":\"Precisamos cuidar bem da \u00e1gua - Coden Ambiental\",\"isPartOf\":{\"@id\":\"https:\/\/coden.com.br\/semana-da-agua\/#website\"},\"primaryImageOfPage\":{\"@id\":\"https:\/\/coden.com.br\/semana-da-agua\/precisamos-cuidar-bem-da-agua\/#primaryimage\"},\"image\":{\"@id\":\"https:\/\/coden.com.br\/semana-da-agua\/precisamos-cuidar-bem-da-agua\/#primaryimage\"},\"thumbnailUrl\":\"https:\/\/coden.com.br\/semana-da-agua\/wp-content\/uploads\/2022\/03\/4-copiar.png\",\"datePublished\":\"2022-03-13T19:40:58+00:00\",\"dateModified\":\"2023-03-14T17:53:29+00:00\",\"breadcrumb\":{\"@id\":\"https:\/\/coden.com.br\/semana-da-agua\/precisamos-cuidar-bem-da-agua\/#breadcrumb\"},\"inLanguage\":\"pt-BR\",\"potentialAction\":[{\"@type\":\"ReadAction\",\"target\":[\"https:\/\/coden.com.br\/semana-da-agua\/precisamos-cuidar-bem-da-agua\/\"]}]},{\"@type\":\"ImageObject\",\"inLanguage\":\"pt-BR\",\"@id\":\"https:\/\/coden.com.br\/semana-da-agua\/precisamos-cuidar-bem-da-agua\/#primaryimage\",\"url\":\"https:\/\/coden.com.br\/semana-da-agua\/wp-content\/uploads\/2022\/03\/4-copiar.png\",\"contentUrl\":\"https:\/\/coden.com.br\/semana-da-agua\/wp-content\/uploads\/2022\/03\/4-copiar.png\",\"width\":756,\"height\":425},{\"@type\":\"BreadcrumbList\",\"@id\":\"https:\/\/coden.com.br\/semana-da-agua\/precisamos-cuidar-bem-da-agua\/#breadcrumb\",\"itemListElement\":[{\"@type\":\"ListItem\",\"position\":1,\"name\":\"In\u00edcio\",\"item\":\"https:\/\/coden.com.br\/semana-da-agua\/\"},{\"@type\":\"ListItem\",\"position\":2,\"name\":\"Precisamos cuidar bem da \u00e1gua\"}]},{\"@type\":\"WebSite\",\"@id\":\"https:\/\/coden.com.br\/semana-da-agua\/#website\",\"url\":\"https:\/\/coden.com.br\/semana-da-agua\/\",\"name\":\"Coden Ambiental\",\"description\":\"Semana da \u00c1gua Coden Ambiental\",\"publisher\":{\"@id\":\"https:\/\/coden.com.br\/semana-da-agua\/#organization\"},\"potentialAction\":[{\"@type\":\"SearchAction\",\"target\":{\"@type\":\"EntryPoint\",\"urlTemplate\":\"https:\/\/coden.com.br\/semana-da-agua\/?s={search_term_string}\"},\"query-input\":{\"@type\":\"PropertyValueSpecification\",\"valueRequired\":true,\"valueName\":\"search_term_string\"}}],\"inLanguage\":\"pt-BR\"},{\"@type\":\"Organization\",\"@id\":\"https:\/\/coden.com.br\/semana-da-agua\/#organization\",\"name\":\"Coden Ambinetal\",\"url\":\"https:\/\/coden.com.br\/semana-da-agua\/\",\"logo\":{\"@type\":\"ImageObject\",\"inLanguage\":\"pt-BR\",\"@id\":\"https:\/\/coden.com.br\/semana-da-agua\/#\/schema\/logo\/image\/\",\"url\":\"https:\/\/coden.com.br\/semana-da-agua\/wp-content\/uploads\/2022\/03\/cropped-logocoden.png\",\"contentUrl\":\"https:\/\/coden.com.br\/semana-da-agua\/wp-content\/uploads\/2022\/03\/cropped-logocoden.png\",\"width\":1043,\"height\":298,\"caption\":\"Coden Ambinetal\"},\"image\":{\"@id\":\"https:\/\/coden.com.br\/semana-da-agua\/#\/schema\/logo\/image\/\"},\"sameAs\":[\"https:\/\/www.facebook.com\/codenambiental\/\"]}]}<\/script>\n<!-- \/ Yoast SEO plugin. -->","yoast_head_json":{"title":"Precisamos cuidar bem da \u00e1gua - Coden Ambiental","robots":{"index":"index","follow":"follow","max-snippet":"max-snippet:-1","max-image-preview":"max-image-preview:large","max-video-preview":"max-video-preview:-1"},"canonical":"https:\/\/coden.com.br\/semana-da-agua\/precisamos-cuidar-bem-da-agua\/","og_locale":"pt_BR","og_type":"article","og_title":"Precisamos cuidar bem da \u00e1gua - Coden Ambiental","og_description":"Precisamos cuidar bem da \u00e1gua Esta\u00e7\u00e3o de Tratamento de \u00c1gua &#8211; ETA 1 \u00c9 s\u00e9rio: a \u00e1gua \u00e9 um recurso limitado, \u00e9 preciso cuidar bem dela para que n\u00e3o falte. Uma das melhores maneiras de cuidar bem da nossa \u00e1gua \u00e9 us\u00e1-la de forma racional. E todos os usu\u00e1rios da \u00e1gua, sejam grandes ou pequenos [&hellip;]","og_url":"https:\/\/coden.com.br\/semana-da-agua\/precisamos-cuidar-bem-da-agua\/","og_site_name":"Coden Ambiental","article_publisher":"https:\/\/www.facebook.com\/codenambiental\/","article_modified_time":"2023-03-14T17:53:29+00:00","og_image":[{"url":"https:\/\/coden.com.br\/semana-da-agua\/wp-content\/uploads\/2022\/03\/4-copiar.png","type":"","width":"","height":""}],"twitter_card":"summary_large_image","twitter_misc":{"Est. tempo de leitura":"3 minutos"},"schema":{"@context":"https:\/\/schema.org","@graph":[{"@type":"WebPage","@id":"https:\/\/coden.com.br\/semana-da-agua\/precisamos-cuidar-bem-da-agua\/","url":"https:\/\/coden.com.br\/semana-da-agua\/precisamos-cuidar-bem-da-agua\/","name":"Precisamos cuidar bem da \u00e1gua - Coden Ambiental","isPartOf":{"@id":"https:\/\/coden.com.br\/semana-da-agua\/#website"},"primaryImageOfPage":{"@id":"https:\/\/coden.com.br\/semana-da-agua\/precisamos-cuidar-bem-da-agua\/#primaryimage"},"image":{"@id":"https:\/\/coden.com.br\/semana-da-agua\/precisamos-cuidar-bem-da-agua\/#primaryimage"},"thumbnailUrl":"https:\/\/coden.com.br\/semana-da-agua\/wp-content\/uploads\/2022\/03\/4-copiar.png","datePublished":"2022-03-13T19:40:58+00:00","dateModified":"2023-03-14T17:53:29+00:00","breadcrumb":{"@id":"https:\/\/coden.com.br\/semana-da-agua\/precisamos-cuidar-bem-da-agua\/#breadcrumb"},"inLanguage":"pt-BR","potentialAction":[{"@type":"ReadAction","target":["https:\/\/coden.com.br\/semana-da-agua\/precisamos-cuidar-bem-da-agua\/"]}]},{"@type":"ImageObject","inLanguage":"pt-BR","@id":"https:\/\/coden.com.br\/semana-da-agua\/precisamos-cuidar-bem-da-agua\/#primaryimage","url":"https:\/\/coden.com.br\/semana-da-agua\/wp-content\/uploads\/2022\/03\/4-copiar.png","contentUrl":"https:\/\/coden.com.br\/semana-da-agua\/wp-content\/uploads\/2022\/03\/4-copiar.png","width":756,"height":425},{"@type":"BreadcrumbList","@id":"https:\/\/coden.com.br\/semana-da-agua\/precisamos-cuidar-bem-da-agua\/#breadcrumb","itemListElement":[{"@type":"ListItem","position":1,"name":"In\u00edcio","item":"https:\/\/coden.com.br\/semana-da-agua\/"},{"@type":"ListItem","position":2,"name":"Precisamos cuidar bem da \u00e1gua"}]},{"@type":"WebSite","@id":"https:\/\/coden.com.br\/semana-da-agua\/#website","url":"https:\/\/coden.com.br\/semana-da-agua\/","name":"Coden Ambiental","description":"Semana da \u00c1gua Coden Ambiental","publisher":{"@id":"https:\/\/coden.com.br\/semana-da-agua\/#organization"},"potentialAction":[{"@type":"SearchAction","target":{"@type":"EntryPoint","urlTemplate":"https:\/\/coden.com.br\/semana-da-agua\/?s={search_term_string}"},"query-input":{"@type":"PropertyValueSpecification","valueRequired":true,"valueName":"search_term_string"}}],"inLanguage":"pt-BR"},{"@type":"Organization","@id":"https:\/\/coden.com.br\/semana-da-agua\/#organization","name":"Coden Ambinetal","url":"https:\/\/coden.com.br\/semana-da-agua\/","logo":{"@type":"ImageObject","inLanguage":"pt-BR","@id":"https:\/\/coden.com.br\/semana-da-agua\/#\/schema\/logo\/image\/","url":"https:\/\/coden.com.br\/semana-da-agua\/wp-content\/uploads\/2022\/03\/cropped-logocoden.png","contentUrl":"https:\/\/coden.com.br\/semana-da-agua\/wp-content\/uploads\/2022\/03\/cropped-logocoden.png","width":1043,"height":298,"caption":"Coden Ambinetal"},"image":{"@id":"https:\/\/coden.com.br\/semana-da-agua\/#\/schema\/logo\/image\/"},"sameAs":["https:\/\/www.facebook.com\/codenambiental\/"]}]}},"_links":{"self":[{"href":"https:\/\/coden.com.br\/semana-da-agua\/wp-json\/wp\/v2\/pages\/297","targetHints":{"allow":["GET"]}}],"collection":[{"href":"https:\/\/coden.com.br\/semana-da-agua\/wp-json\/wp\/v2\/pages"}],"about":[{"href":"https:\/\/coden.com.br\/semana-da-agua\/wp-json\/wp\/v2\/types\/page"}],"author":[{"embeddable":true,"href":"https:\/\/coden.com.br\/semana-da-agua\/wp-json\/wp\/v2\/users\/2"}],"replies":[{"embeddable":true,"href":"https:\/\/coden.com.br\/semana-da-agua\/wp-json\/wp\/v2\/comments?post=297"}],"version-history":[{"count":13,"href":"https:\/\/coden.com.br\/semana-da-agua\/wp-json\/wp\/v2\/pages\/297\/revisions"}],"predecessor-version":[{"id":567,"href":"https:\/\/coden.com.br\/semana-da-agua\/wp-json\/wp\/v2\/pages\/297\/revisions\/567"}],"wp:attachment":[{"href":"https:\/\/coden.com.br\/semana-da-agua\/wp-json\/wp\/v2\/media?parent=297"}],"curies":[{"name":"wp","href":"https:\/\/api.w.org\/{rel}","templated":true}]}}