{"id":286,"date":"2022-03-13T19:22:35","date_gmt":"2022-03-13T19:22:35","guid":{"rendered":"https:\/\/coden.com.br\/semana-da-agua\/?page_id=286"},"modified":"2022-03-14T03:29:58","modified_gmt":"2022-03-14T03:29:58","slug":"uma-demanda-que-aumenta-a-cada-dia","status":"publish","type":"page","link":"https:\/\/coden.com.br\/semana-da-agua\/uma-demanda-que-aumenta-a-cada-dia\/","title":{"rendered":"Uma demanda que aumenta a cada dia"},"content":{"rendered":"\t\t<div data-elementor-type=\"wp-page\" data-elementor-id=\"286\" class=\"elementor elementor-286\" data-elementor-post-type=\"page\">\n\t\t\t\t\t\t<section class=\"elementor-section elementor-top-section elementor-element elementor-element-a1104f1 elementor-section-boxed elementor-section-height-default elementor-section-height-default tf-sticky-section tf-sticky-no\" data-id=\"a1104f1\" data-element_type=\"section\" data-settings=\"{&quot;tf_sticky&quot;:&quot;no&quot;}\">\n\t\t\t\t\t\t<div class=\"elementor-container elementor-column-gap-default\">\n\t\t\t\t\t<div class=\"elementor-column elementor-col-100 elementor-top-column elementor-element elementor-element-472dd51\" data-id=\"472dd51\" data-element_type=\"column\">\n\t\t\t<div class=\"elementor-widget-wrap elementor-element-populated\">\n\t\t\t\t\t\t<section class=\"elementor-section elementor-inner-section elementor-element elementor-element-3ce2abc elementor-section-boxed elementor-section-height-default elementor-section-height-default tf-sticky-section tf-sticky-no\" data-id=\"3ce2abc\" data-element_type=\"section\" data-settings=\"{&quot;tf_sticky&quot;:&quot;no&quot;}\">\n\t\t\t\t\t\t<div class=\"elementor-container elementor-column-gap-default\">\n\t\t\t\t\t<div class=\"elementor-column elementor-col-100 elementor-inner-column elementor-element elementor-element-6003ea6\" data-id=\"6003ea6\" data-element_type=\"column\">\n\t\t\t<div class=\"elementor-widget-wrap elementor-element-populated\">\n\t\t\t\t\t\t<div class=\"elementor-element elementor-element-633eaca elementor-widget elementor-widget-image\" data-id=\"633eaca\" data-element_type=\"widget\" data-widget_type=\"image.default\">\n\t\t\t\t<div class=\"elementor-widget-container\">\n\t\t\t\t\t\t\t\t\t\t\t\t\t\t\t<img fetchpriority=\"high\" decoding=\"async\" width=\"567\" height=\"424\" src=\"https:\/\/coden.com.br\/semana-da-agua\/wp-content\/uploads\/2022\/03\/Represa-Recanto-1-b-copiar.jpg\" class=\"attachment-large size-large wp-image-184\" alt=\"\" srcset=\"https:\/\/coden.com.br\/semana-da-agua\/wp-content\/uploads\/2022\/03\/Represa-Recanto-1-b-copiar.jpg 567w, https:\/\/coden.com.br\/semana-da-agua\/wp-content\/uploads\/2022\/03\/Represa-Recanto-1-b-copiar-300x224.jpg 300w\" sizes=\"(max-width: 567px) 100vw, 567px\" \/>\t\t\t\t\t\t\t\t\t\t\t\t\t\t\t<\/div>\n\t\t\t\t<\/div>\n\t\t\t\t<div class=\"elementor-element elementor-element-6134473 elementor-widget elementor-widget-spacer\" data-id=\"6134473\" data-element_type=\"widget\" data-widget_type=\"spacer.default\">\n\t\t\t\t<div class=\"elementor-widget-container\">\n\t\t\t\t\t\t\t<div class=\"elementor-spacer\">\n\t\t\t<div class=\"elementor-spacer-inner\"><\/div>\n\t\t<\/div>\n\t\t\t\t\t\t<\/div>\n\t\t\t\t<\/div>\n\t\t\t\t\t<\/div>\n\t\t<\/div>\n\t\t\t\t\t<\/div>\n\t\t<\/section>\n\t\t\t\t<section class=\"elementor-section elementor-inner-section elementor-element elementor-element-27afd52 elementor-section-boxed elementor-section-height-default elementor-section-height-default tf-sticky-section tf-sticky-no\" data-id=\"27afd52\" data-element_type=\"section\" data-settings=\"{&quot;tf_sticky&quot;:&quot;no&quot;}\">\n\t\t\t\t\t\t<div class=\"elementor-container elementor-column-gap-default\">\n\t\t\t\t\t<div class=\"elementor-column elementor-col-100 elementor-inner-column elementor-element elementor-element-b6bb89a\" data-id=\"b6bb89a\" data-element_type=\"column\">\n\t\t\t<div class=\"elementor-widget-wrap elementor-element-populated\">\n\t\t\t\t\t\t<div class=\"elementor-element elementor-element-cfcaa2b elementor-widget elementor-widget-heading\" data-id=\"cfcaa2b\" data-element_type=\"widget\" data-widget_type=\"heading.default\">\n\t\t\t\t<div class=\"elementor-widget-container\">\n\t\t\t\t\t<h3 class=\"elementor-heading-title elementor-size-default\">Uma demanda que aumenta a cada dia<\/h3>\t\t\t\t<\/div>\n\t\t\t\t<\/div>\n\t\t\t\t<div class=\"elementor-element elementor-element-4d00838 elementor-widget elementor-widget-spacer\" data-id=\"4d00838\" data-element_type=\"widget\" data-widget_type=\"spacer.default\">\n\t\t\t\t<div class=\"elementor-widget-container\">\n\t\t\t\t\t\t\t<div class=\"elementor-spacer\">\n\t\t\t<div class=\"elementor-spacer-inner\"><\/div>\n\t\t<\/div>\n\t\t\t\t\t\t<\/div>\n\t\t\t\t<\/div>\n\t\t\t\t\t<\/div>\n\t\t<\/div>\n\t\t\t\t\t<\/div>\n\t\t<\/section>\n\t\t\t\t<section class=\"elementor-section elementor-inner-section elementor-element elementor-element-ffdb51b elementor-section-boxed elementor-section-height-default elementor-section-height-default tf-sticky-section tf-sticky-no\" data-id=\"ffdb51b\" data-element_type=\"section\" data-settings=\"{&quot;tf_sticky&quot;:&quot;no&quot;}\">\n\t\t\t\t\t\t<div class=\"elementor-container elementor-column-gap-default\">\n\t\t\t\t\t<div class=\"elementor-column elementor-col-100 elementor-inner-column elementor-element elementor-element-18d3fd5\" data-id=\"18d3fd5\" data-element_type=\"column\">\n\t\t\t<div class=\"elementor-widget-wrap elementor-element-populated\">\n\t\t\t\t\t\t<div class=\"elementor-element elementor-element-36519f3 elementor-drop-cap-yes elementor-drop-cap-view-default elementor-widget elementor-widget-text-editor\" data-id=\"36519f3\" data-element_type=\"widget\" data-settings=\"{&quot;drop_cap&quot;:&quot;yes&quot;}\" data-widget_type=\"text-editor.default\">\n\t\t\t\t<div class=\"elementor-widget-container\">\n\t\t\t\t\t\t\t\t\t<p>A \u00e1gua evapora dos oceanos, rios, solos e vegeta\u00e7\u00e3o, condensando em nuvens. Ap\u00f3s esse processo, ela cai em forma de chuva, infiltra e escorre pelos rios, desaguando no mar. Esse ciclo determina qual a quantidade de \u00e1gua que chega at\u00e9 voc\u00ea. Por\u00e9m, altera\u00e7\u00f5es no ciclo da \u00e1gua imp\u00f5em grandes desafios \u00e0 sua gest\u00e3o durante per\u00edodos de escassez. <br><\/p><p>Essas altera\u00e7\u00f5es podem decorrer tanto de mudan\u00e7as no clima como do aumento cont\u00ednuo das demandas, pois \u00e0 medida que a popula\u00e7\u00e3o cresce e as cidades se desenvolvem o consumo de \u00e1gua vai aumentando a cada dia. E ser\u00e1 que temos \u00e1gua para atender essa demanda crescente?<br><\/p><p>Existe uma falsa ideia de que os recursos h\u00eddricos s\u00e3o infinitos. Realmente, h\u00e1 muita \u00e1gua no planeta. Ela cobre cerca de 70% da superf\u00edcie terrestre, mas cerca de 97% dessa \u00e1gua \u00e9 salgada e est\u00e1 dispon\u00edvel nos oceanos, sendo impr\u00f3pria para o consumo.<br><\/p><p>Apenas 3% da \u00e1gua do planeta \u00e9 doce e est\u00e1 distribu\u00edda da seguinte forma: dois ter\u00e7os est\u00e3o congelados nos polos ou em geleiras e apenas um ter\u00e7o forma os lagos, rios e len\u00e7\u00f3is subterr\u00e2neos que usamos no abastecimento.<br><\/p><p>Isso quer dizer que apenas 1% da \u00e1gua do mundo est\u00e1 dispon\u00edvel para o consumo e, como sabemos, grande parte de suas fontes est\u00e1 sendo polu\u00edda, contaminada e degradada por m\u00e1s pr\u00e1ticas humanas.<br><\/p><p>O Brasil det\u00e9m cerca de 12% da disponibilidade de \u00e1gua doce do planeta, ou seja, \u00e9 a maior reserva da Terra. Enquanto a Regi\u00e3o Norte concentra aproximadamente 80% da \u00e1gua dispon\u00edvel, regi\u00f5es pr\u00f3ximas ao Oceano Atl\u00e2ntico possuem menos de 3% dos recursos h\u00eddricos do pa\u00eds.<br><\/p><p>Estudos de especialistas apontam que, se continuarmos no ritmo atual de uso, muito em breve podemos enfrentar uma grande crise de abastecimento no mundo todo.<\/p>\t\t\t\t\t\t\t\t<\/div>\n\t\t\t\t<\/div>\n\t\t\t\t\t<\/div>\n\t\t<\/div>\n\t\t\t\t\t<\/div>\n\t\t<\/section>\n\t\t\t\t\t<\/div>\n\t\t<\/div>\n\t\t\t\t\t<\/div>\n\t\t<\/section>\n\t\t\t\t<\/div>\n\t\t","protected":false},"excerpt":{"rendered":"<p>Uma demanda que aumenta a cada dia A \u00e1gua evapora dos oceanos, rios, solos e vegeta\u00e7\u00e3o, condensando em nuvens. Ap\u00f3s esse processo, ela cai em forma de chuva, infiltra e escorre pelos rios, desaguando no mar. Esse ciclo determina qual a quantidade de \u00e1gua que chega at\u00e9 voc\u00ea. Por\u00e9m, altera\u00e7\u00f5es no ciclo da \u00e1gua imp\u00f5em [&hellip;]<\/p>\n","protected":false},"author":2,"featured_media":0,"parent":0,"menu_order":0,"comment_status":"closed","ping_status":"closed","template":"","meta":{"footnotes":""},"class_list":["post-286","page","type-page","status-publish","hentry"],"yoast_head":"<!-- This site is optimized with the Yoast SEO plugin v26.9 - https:\/\/yoast.com\/product\/yoast-seo-wordpress\/ -->\n<title>Uma demanda que aumenta a cada dia - Coden Ambiental<\/title>\n<meta name=\"robots\" content=\"index, follow, max-snippet:-1, max-image-preview:large, max-video-preview:-1\" \/>\n<link rel=\"canonical\" href=\"https:\/\/coden.com.br\/semana-da-agua\/uma-demanda-que-aumenta-a-cada-dia\/\" \/>\n<meta property=\"og:locale\" content=\"pt_BR\" \/>\n<meta property=\"og:type\" content=\"article\" \/>\n<meta property=\"og:title\" content=\"Uma demanda que aumenta a cada dia - Coden Ambiental\" \/>\n<meta property=\"og:description\" content=\"Uma demanda que aumenta a cada dia A \u00e1gua evapora dos oceanos, rios, solos e vegeta\u00e7\u00e3o, condensando em nuvens. Ap\u00f3s esse processo, ela cai em forma de chuva, infiltra e escorre pelos rios, desaguando no mar. Esse ciclo determina qual a quantidade de \u00e1gua que chega at\u00e9 voc\u00ea. Por\u00e9m, altera\u00e7\u00f5es no ciclo da \u00e1gua imp\u00f5em [&hellip;]\" \/>\n<meta property=\"og:url\" content=\"https:\/\/coden.com.br\/semana-da-agua\/uma-demanda-que-aumenta-a-cada-dia\/\" \/>\n<meta property=\"og:site_name\" content=\"Coden Ambiental\" \/>\n<meta property=\"article:publisher\" content=\"https:\/\/www.facebook.com\/codenambiental\/\" \/>\n<meta property=\"article:modified_time\" content=\"2022-03-14T03:29:58+00:00\" \/>\n<meta property=\"og:image\" content=\"https:\/\/coden.com.br\/semana-da-agua\/wp-content\/uploads\/2022\/03\/Represa-Recanto-1-b-copiar.jpg\" \/>\n<meta name=\"twitter:card\" content=\"summary_large_image\" \/>\n<meta name=\"twitter:label1\" content=\"Est. tempo de leitura\" \/>\n\t<meta name=\"twitter:data1\" content=\"2 minutos\" \/>\n<script type=\"application\/ld+json\" class=\"yoast-schema-graph\">{\"@context\":\"https:\/\/schema.org\",\"@graph\":[{\"@type\":\"WebPage\",\"@id\":\"https:\/\/coden.com.br\/semana-da-agua\/uma-demanda-que-aumenta-a-cada-dia\/\",\"url\":\"https:\/\/coden.com.br\/semana-da-agua\/uma-demanda-que-aumenta-a-cada-dia\/\",\"name\":\"Uma demanda que aumenta a cada dia - Coden Ambiental\",\"isPartOf\":{\"@id\":\"https:\/\/coden.com.br\/semana-da-agua\/#website\"},\"primaryImageOfPage\":{\"@id\":\"https:\/\/coden.com.br\/semana-da-agua\/uma-demanda-que-aumenta-a-cada-dia\/#primaryimage\"},\"image\":{\"@id\":\"https:\/\/coden.com.br\/semana-da-agua\/uma-demanda-que-aumenta-a-cada-dia\/#primaryimage\"},\"thumbnailUrl\":\"https:\/\/coden.com.br\/semana-da-agua\/wp-content\/uploads\/2022\/03\/Represa-Recanto-1-b-copiar.jpg\",\"datePublished\":\"2022-03-13T19:22:35+00:00\",\"dateModified\":\"2022-03-14T03:29:58+00:00\",\"breadcrumb\":{\"@id\":\"https:\/\/coden.com.br\/semana-da-agua\/uma-demanda-que-aumenta-a-cada-dia\/#breadcrumb\"},\"inLanguage\":\"pt-BR\",\"potentialAction\":[{\"@type\":\"ReadAction\",\"target\":[\"https:\/\/coden.com.br\/semana-da-agua\/uma-demanda-que-aumenta-a-cada-dia\/\"]}]},{\"@type\":\"ImageObject\",\"inLanguage\":\"pt-BR\",\"@id\":\"https:\/\/coden.com.br\/semana-da-agua\/uma-demanda-que-aumenta-a-cada-dia\/#primaryimage\",\"url\":\"https:\/\/coden.com.br\/semana-da-agua\/wp-content\/uploads\/2022\/03\/Represa-Recanto-1-b-copiar.jpg\",\"contentUrl\":\"https:\/\/coden.com.br\/semana-da-agua\/wp-content\/uploads\/2022\/03\/Represa-Recanto-1-b-copiar.jpg\",\"width\":567,\"height\":424},{\"@type\":\"BreadcrumbList\",\"@id\":\"https:\/\/coden.com.br\/semana-da-agua\/uma-demanda-que-aumenta-a-cada-dia\/#breadcrumb\",\"itemListElement\":[{\"@type\":\"ListItem\",\"position\":1,\"name\":\"In\u00edcio\",\"item\":\"https:\/\/coden.com.br\/semana-da-agua\/\"},{\"@type\":\"ListItem\",\"position\":2,\"name\":\"Uma demanda que aumenta a cada dia\"}]},{\"@type\":\"WebSite\",\"@id\":\"https:\/\/coden.com.br\/semana-da-agua\/#website\",\"url\":\"https:\/\/coden.com.br\/semana-da-agua\/\",\"name\":\"Coden Ambiental\",\"description\":\"Semana da \u00c1gua Coden Ambiental\",\"publisher\":{\"@id\":\"https:\/\/coden.com.br\/semana-da-agua\/#organization\"},\"potentialAction\":[{\"@type\":\"SearchAction\",\"target\":{\"@type\":\"EntryPoint\",\"urlTemplate\":\"https:\/\/coden.com.br\/semana-da-agua\/?s={search_term_string}\"},\"query-input\":{\"@type\":\"PropertyValueSpecification\",\"valueRequired\":true,\"valueName\":\"search_term_string\"}}],\"inLanguage\":\"pt-BR\"},{\"@type\":\"Organization\",\"@id\":\"https:\/\/coden.com.br\/semana-da-agua\/#organization\",\"name\":\"Coden Ambinetal\",\"url\":\"https:\/\/coden.com.br\/semana-da-agua\/\",\"logo\":{\"@type\":\"ImageObject\",\"inLanguage\":\"pt-BR\",\"@id\":\"https:\/\/coden.com.br\/semana-da-agua\/#\/schema\/logo\/image\/\",\"url\":\"https:\/\/coden.com.br\/semana-da-agua\/wp-content\/uploads\/2022\/03\/cropped-logocoden.png\",\"contentUrl\":\"https:\/\/coden.com.br\/semana-da-agua\/wp-content\/uploads\/2022\/03\/cropped-logocoden.png\",\"width\":1043,\"height\":298,\"caption\":\"Coden Ambinetal\"},\"image\":{\"@id\":\"https:\/\/coden.com.br\/semana-da-agua\/#\/schema\/logo\/image\/\"},\"sameAs\":[\"https:\/\/www.facebook.com\/codenambiental\/\"]}]}<\/script>\n<!-- \/ Yoast SEO plugin. -->","yoast_head_json":{"title":"Uma demanda que aumenta a cada dia - Coden Ambiental","robots":{"index":"index","follow":"follow","max-snippet":"max-snippet:-1","max-image-preview":"max-image-preview:large","max-video-preview":"max-video-preview:-1"},"canonical":"https:\/\/coden.com.br\/semana-da-agua\/uma-demanda-que-aumenta-a-cada-dia\/","og_locale":"pt_BR","og_type":"article","og_title":"Uma demanda que aumenta a cada dia - Coden Ambiental","og_description":"Uma demanda que aumenta a cada dia A \u00e1gua evapora dos oceanos, rios, solos e vegeta\u00e7\u00e3o, condensando em nuvens. Ap\u00f3s esse processo, ela cai em forma de chuva, infiltra e escorre pelos rios, desaguando no mar. Esse ciclo determina qual a quantidade de \u00e1gua que chega at\u00e9 voc\u00ea. Por\u00e9m, altera\u00e7\u00f5es no ciclo da \u00e1gua imp\u00f5em [&hellip;]","og_url":"https:\/\/coden.com.br\/semana-da-agua\/uma-demanda-que-aumenta-a-cada-dia\/","og_site_name":"Coden Ambiental","article_publisher":"https:\/\/www.facebook.com\/codenambiental\/","article_modified_time":"2022-03-14T03:29:58+00:00","og_image":[{"url":"https:\/\/coden.com.br\/semana-da-agua\/wp-content\/uploads\/2022\/03\/Represa-Recanto-1-b-copiar.jpg","type":"","width":"","height":""}],"twitter_card":"summary_large_image","twitter_misc":{"Est. tempo de leitura":"2 minutos"},"schema":{"@context":"https:\/\/schema.org","@graph":[{"@type":"WebPage","@id":"https:\/\/coden.com.br\/semana-da-agua\/uma-demanda-que-aumenta-a-cada-dia\/","url":"https:\/\/coden.com.br\/semana-da-agua\/uma-demanda-que-aumenta-a-cada-dia\/","name":"Uma demanda que aumenta a cada dia - Coden Ambiental","isPartOf":{"@id":"https:\/\/coden.com.br\/semana-da-agua\/#website"},"primaryImageOfPage":{"@id":"https:\/\/coden.com.br\/semana-da-agua\/uma-demanda-que-aumenta-a-cada-dia\/#primaryimage"},"image":{"@id":"https:\/\/coden.com.br\/semana-da-agua\/uma-demanda-que-aumenta-a-cada-dia\/#primaryimage"},"thumbnailUrl":"https:\/\/coden.com.br\/semana-da-agua\/wp-content\/uploads\/2022\/03\/Represa-Recanto-1-b-copiar.jpg","datePublished":"2022-03-13T19:22:35+00:00","dateModified":"2022-03-14T03:29:58+00:00","breadcrumb":{"@id":"https:\/\/coden.com.br\/semana-da-agua\/uma-demanda-que-aumenta-a-cada-dia\/#breadcrumb"},"inLanguage":"pt-BR","potentialAction":[{"@type":"ReadAction","target":["https:\/\/coden.com.br\/semana-da-agua\/uma-demanda-que-aumenta-a-cada-dia\/"]}]},{"@type":"ImageObject","inLanguage":"pt-BR","@id":"https:\/\/coden.com.br\/semana-da-agua\/uma-demanda-que-aumenta-a-cada-dia\/#primaryimage","url":"https:\/\/coden.com.br\/semana-da-agua\/wp-content\/uploads\/2022\/03\/Represa-Recanto-1-b-copiar.jpg","contentUrl":"https:\/\/coden.com.br\/semana-da-agua\/wp-content\/uploads\/2022\/03\/Represa-Recanto-1-b-copiar.jpg","width":567,"height":424},{"@type":"BreadcrumbList","@id":"https:\/\/coden.com.br\/semana-da-agua\/uma-demanda-que-aumenta-a-cada-dia\/#breadcrumb","itemListElement":[{"@type":"ListItem","position":1,"name":"In\u00edcio","item":"https:\/\/coden.com.br\/semana-da-agua\/"},{"@type":"ListItem","position":2,"name":"Uma demanda que aumenta a cada dia"}]},{"@type":"WebSite","@id":"https:\/\/coden.com.br\/semana-da-agua\/#website","url":"https:\/\/coden.com.br\/semana-da-agua\/","name":"Coden Ambiental","description":"Semana da \u00c1gua Coden Ambiental","publisher":{"@id":"https:\/\/coden.com.br\/semana-da-agua\/#organization"},"potentialAction":[{"@type":"SearchAction","target":{"@type":"EntryPoint","urlTemplate":"https:\/\/coden.com.br\/semana-da-agua\/?s={search_term_string}"},"query-input":{"@type":"PropertyValueSpecification","valueRequired":true,"valueName":"search_term_string"}}],"inLanguage":"pt-BR"},{"@type":"Organization","@id":"https:\/\/coden.com.br\/semana-da-agua\/#organization","name":"Coden Ambinetal","url":"https:\/\/coden.com.br\/semana-da-agua\/","logo":{"@type":"ImageObject","inLanguage":"pt-BR","@id":"https:\/\/coden.com.br\/semana-da-agua\/#\/schema\/logo\/image\/","url":"https:\/\/coden.com.br\/semana-da-agua\/wp-content\/uploads\/2022\/03\/cropped-logocoden.png","contentUrl":"https:\/\/coden.com.br\/semana-da-agua\/wp-content\/uploads\/2022\/03\/cropped-logocoden.png","width":1043,"height":298,"caption":"Coden Ambinetal"},"image":{"@id":"https:\/\/coden.com.br\/semana-da-agua\/#\/schema\/logo\/image\/"},"sameAs":["https:\/\/www.facebook.com\/codenambiental\/"]}]}},"_links":{"self":[{"href":"https:\/\/coden.com.br\/semana-da-agua\/wp-json\/wp\/v2\/pages\/286","targetHints":{"allow":["GET"]}}],"collection":[{"href":"https:\/\/coden.com.br\/semana-da-agua\/wp-json\/wp\/v2\/pages"}],"about":[{"href":"https:\/\/coden.com.br\/semana-da-agua\/wp-json\/wp\/v2\/types\/page"}],"author":[{"embeddable":true,"href":"https:\/\/coden.com.br\/semana-da-agua\/wp-json\/wp\/v2\/users\/2"}],"replies":[{"embeddable":true,"href":"https:\/\/coden.com.br\/semana-da-agua\/wp-json\/wp\/v2\/comments?post=286"}],"version-history":[{"count":13,"href":"https:\/\/coden.com.br\/semana-da-agua\/wp-json\/wp\/v2\/pages\/286\/revisions"}],"predecessor-version":[{"id":518,"href":"https:\/\/coden.com.br\/semana-da-agua\/wp-json\/wp\/v2\/pages\/286\/revisions\/518"}],"wp:attachment":[{"href":"https:\/\/coden.com.br\/semana-da-agua\/wp-json\/wp\/v2\/media?parent=286"}],"curies":[{"name":"wp","href":"https:\/\/api.w.org\/{rel}","templated":true}]}}