{"id":208,"date":"2022-03-13T01:39:54","date_gmt":"2022-03-13T01:39:54","guid":{"rendered":"https:\/\/coden.com.br\/semana-da-agua\/?page_id=208"},"modified":"2023-03-14T19:49:56","modified_gmt":"2023-03-14T19:49:56","slug":"todo-dia-e-dia-de-agua","status":"publish","type":"page","link":"https:\/\/coden.com.br\/semana-da-agua\/todo-dia-e-dia-de-agua\/","title":{"rendered":"Todo dia \u00e9 dia de \u00e1gua"},"content":{"rendered":"\t\t<div data-elementor-type=\"wp-page\" data-elementor-id=\"208\" class=\"elementor elementor-208\" data-elementor-post-type=\"page\">\n\t\t\t\t\t\t<section class=\"elementor-section elementor-top-section elementor-element elementor-element-1ef157d elementor-section-boxed elementor-section-height-default elementor-section-height-default tf-sticky-section tf-sticky-no\" data-id=\"1ef157d\" data-element_type=\"section\" data-settings=\"{&quot;tf_sticky&quot;:&quot;no&quot;}\">\n\t\t\t\t\t\t<div class=\"elementor-container elementor-column-gap-default\">\n\t\t\t\t\t<div class=\"elementor-column elementor-col-100 elementor-top-column elementor-element elementor-element-c7e2dca\" data-id=\"c7e2dca\" data-element_type=\"column\">\n\t\t\t<div class=\"elementor-widget-wrap elementor-element-populated\">\n\t\t\t\t\t\t<div class=\"elementor-element elementor-element-5e3f7f1 elementor-widget elementor-widget-image\" data-id=\"5e3f7f1\" data-element_type=\"widget\" data-widget_type=\"image.default\">\n\t\t\t\t<div class=\"elementor-widget-container\">\n\t\t\t\t\t\t\t\t\t\t\t\t<figure class=\"wp-caption\">\n\t\t\t\t\t\t\t\t\t\t<img fetchpriority=\"high\" decoding=\"async\" width=\"567\" height=\"425\" src=\"https:\/\/coden.com.br\/semana-da-agua\/wp-content\/uploads\/2022\/03\/Reservatorio-de-5-mil-m3-copiar.png\" class=\"attachment-full size-full wp-image-181\" alt=\"\" srcset=\"https:\/\/coden.com.br\/semana-da-agua\/wp-content\/uploads\/2022\/03\/Reservatorio-de-5-mil-m3-copiar.png 567w, https:\/\/coden.com.br\/semana-da-agua\/wp-content\/uploads\/2022\/03\/Reservatorio-de-5-mil-m3-copiar-300x225.png 300w\" sizes=\"(max-width: 567px) 100vw, 567px\" \/>\t\t\t\t\t\t\t\t\t\t\t<figcaption class=\"widget-image-caption wp-caption-text\">Reservat\u00f3rio de \u00c1gua Tratada de 5 mil m3 instalado na Coden<\/figcaption>\n\t\t\t\t\t\t\t\t\t\t<\/figure>\n\t\t\t\t\t\t\t\t\t<\/div>\n\t\t\t\t<\/div>\n\t\t\t\t<div class=\"elementor-element elementor-element-60d6b2b elementor-widget elementor-widget-spacer\" data-id=\"60d6b2b\" data-element_type=\"widget\" data-widget_type=\"spacer.default\">\n\t\t\t\t<div class=\"elementor-widget-container\">\n\t\t\t\t\t\t\t<div class=\"elementor-spacer\">\n\t\t\t<div class=\"elementor-spacer-inner\"><\/div>\n\t\t<\/div>\n\t\t\t\t\t\t<\/div>\n\t\t\t\t<\/div>\n\t\t\t\t<section class=\"elementor-section elementor-inner-section elementor-element elementor-element-e4d26da elementor-section-boxed elementor-section-height-default elementor-section-height-default tf-sticky-section tf-sticky-no\" data-id=\"e4d26da\" data-element_type=\"section\" data-settings=\"{&quot;tf_sticky&quot;:&quot;no&quot;}\">\n\t\t\t\t\t\t<div class=\"elementor-container elementor-column-gap-default\">\n\t\t\t\t\t<div class=\"elementor-column elementor-col-100 elementor-inner-column elementor-element elementor-element-d9a0a31\" data-id=\"d9a0a31\" data-element_type=\"column\">\n\t\t\t<div class=\"elementor-widget-wrap elementor-element-populated\">\n\t\t\t\t\t\t<div class=\"elementor-element elementor-element-55f4759 elementor-widget elementor-widget-heading\" data-id=\"55f4759\" data-element_type=\"widget\" data-widget_type=\"heading.default\">\n\t\t\t\t<div class=\"elementor-widget-container\">\n\t\t\t\t\t<h3 class=\"elementor-heading-title elementor-size-default\">Para a Coden, todo dia \u00e9 dia da \u00e1gua<\/h3>\t\t\t\t<\/div>\n\t\t\t\t<\/div>\n\t\t\t\t\t<\/div>\n\t\t<\/div>\n\t\t\t\t\t<\/div>\n\t\t<\/section>\n\t\t\t\t<section class=\"elementor-section elementor-inner-section elementor-element elementor-element-8e40404 elementor-section-boxed elementor-section-height-default elementor-section-height-default tf-sticky-section tf-sticky-no\" data-id=\"8e40404\" data-element_type=\"section\" data-settings=\"{&quot;tf_sticky&quot;:&quot;no&quot;}\">\n\t\t\t\t\t\t<div class=\"elementor-container elementor-column-gap-default\">\n\t\t\t\t\t<div class=\"elementor-column elementor-col-100 elementor-inner-column elementor-element elementor-element-96e9ef7\" data-id=\"96e9ef7\" data-element_type=\"column\">\n\t\t\t<div class=\"elementor-widget-wrap elementor-element-populated\">\n\t\t\t\t\t\t<div class=\"elementor-element elementor-element-2dc8bfe elementor-widget elementor-widget-spacer\" data-id=\"2dc8bfe\" data-element_type=\"widget\" data-widget_type=\"spacer.default\">\n\t\t\t\t<div class=\"elementor-widget-container\">\n\t\t\t\t\t\t\t<div class=\"elementor-spacer\">\n\t\t\t<div class=\"elementor-spacer-inner\"><\/div>\n\t\t<\/div>\n\t\t\t\t\t\t<\/div>\n\t\t\t\t<\/div>\n\t\t\t\t<div class=\"elementor-element elementor-element-b53ac58 elementor-drop-cap-yes elementor-drop-cap-view-default elementor-widget elementor-widget-text-editor\" data-id=\"b53ac58\" data-element_type=\"widget\" data-settings=\"{&quot;drop_cap&quot;:&quot;yes&quot;}\" data-widget_type=\"text-editor.default\">\n\t\t\t\t<div class=\"elementor-widget-container\">\n\t\t\t\t\t\t\t\t\t<p>\u00c9 por saber da import\u00e2ncia da \u00e1gua em nossa vida que a Coden Ambiental, respons\u00e1vel pelos servi\u00e7os de Saneamento B\u00e1sico de Nova Odessa, trabalha para garantir uma \u00e1gua de qualidade, pura e cristalina. <br \/>Em nosso munic\u00edpio, 100% da popula\u00e7\u00e3o, estimada em 61 mil habitantes, \u00e9 abastecida com \u00e1gua tratada, considerada uma das melhores da regi\u00e3o. E o \u00edndice de perda de \u00e1gua \u00e9 de apenas 28%, compar\u00e1vel a pa\u00edses do primeiro mundo. At\u00e9 recentemente, o percentual da popula\u00e7\u00e3o local atendida com \u00e1gua tratada chegava a 98%. Mas a inaugura\u00e7\u00e3o da Esta\u00e7\u00e3o de Tratamento de \u00c1gua &#8211; ETA 2 Santo \u00c2ngelo e das obras para levar \u00e1gua encanada aos bairros do P\u00f3s-Anhanguera, ocorrida em fevereiro de 2023, conferiram \u00e0 Nova Odessa a universaliza\u00e7\u00e3o desse servi\u00e7o.<br \/>A Coden ainda conta com um sistema de capta\u00e7\u00e3o formado por sete represas &#8211; Recanto 1, 2 e 3, Lopes 1 e 2, Santo \u00c2ngelo e Palmital -, de onde s\u00e3o retirados at\u00e9 22,6 milh\u00f5es de litros de \u00e1gua por dia. Tamb\u00e9m disp\u00f5e de cerca de 2,6 milh\u00f5es de metros c\u00fabicos de \u00e1gua bruta reservada e, diariamente, trata em m\u00e9dia 16 milh\u00f5es de litros, que s\u00e3o distribu\u00eddos a 25 mil resid\u00eancias e estabelecimentos por uma rede de mais de 295 quil\u00f4metros.<\/p><p>Assim que a ETA 2 estiver operando com sua capacidade m\u00e1xima, o consumo dos 18 bairros que ser\u00e3o gradualmente beneficiados por essa unidade poder\u00e1 ser efetivamente medido, o que dever\u00e1 elevar a quantidade de \u00e1gua tratada.<\/p><p>No que se refere ao esgotamento sanit\u00e1rio, 96% da popula\u00e7\u00e3o \u00e9 atendida por uma rede de mais de 279 Km de extens\u00e3o, sendo que 100% do esgoto coletado \u00e9 tratado. E o servi\u00e7o de coleta de lixo recolhe, aproximadamente, 1,3 mil toneladas de res\u00edduos por m\u00eas.<\/p><p>Mas n\u00e3o s\u00e3o todos os munic\u00edpios que podem contar com uma estrutura de Saneamento B\u00e1sico como \u00e9 a de Nova Odessa. No Brasil, aproximadamente 97% da popula\u00e7\u00e3o tem acesso \u00e0 \u00e1gua encanada e 63% tem cobertura de esgotamento sanit\u00e1rio. Ou seja, s\u00e3o aproximadamente 6 milh\u00f5es de pessoas sem \u00e1gua encanada e 78 milh\u00f5es de pessoas sem tratamento de esgoto.<\/p>\t\t\t\t\t\t\t\t<\/div>\n\t\t\t\t<\/div>\n\t\t\t\t\t<\/div>\n\t\t<\/div>\n\t\t\t\t\t<\/div>\n\t\t<\/section>\n\t\t\t\t\t<\/div>\n\t\t<\/div>\n\t\t\t\t\t<\/div>\n\t\t<\/section>\n\t\t\t\t<\/div>\n\t\t","protected":false},"excerpt":{"rendered":"<p>Reservat\u00f3rio de \u00c1gua Tratada de 5 mil m3 instalado na Coden Para a Coden, todo dia \u00e9 dia da \u00e1gua \u00c9 por saber da import\u00e2ncia da \u00e1gua em nossa vida que a Coden Ambiental, respons\u00e1vel pelos servi\u00e7os de Saneamento B\u00e1sico de Nova Odessa, trabalha para garantir uma \u00e1gua de qualidade, pura e cristalina. Em nosso [&hellip;]<\/p>\n","protected":false},"author":2,"featured_media":0,"parent":0,"menu_order":0,"comment_status":"closed","ping_status":"closed","template":"","meta":{"footnotes":""},"class_list":["post-208","page","type-page","status-publish","hentry"],"yoast_head":"<!-- This site is optimized with the Yoast SEO plugin v26.9 - https:\/\/yoast.com\/product\/yoast-seo-wordpress\/ -->\n<title>Todo dia \u00e9 dia de \u00e1gua - Coden Ambiental<\/title>\n<meta name=\"robots\" content=\"index, follow, max-snippet:-1, max-image-preview:large, max-video-preview:-1\" \/>\n<link rel=\"canonical\" href=\"https:\/\/coden.com.br\/semana-da-agua\/todo-dia-e-dia-de-agua\/\" \/>\n<meta property=\"og:locale\" content=\"pt_BR\" \/>\n<meta property=\"og:type\" content=\"article\" \/>\n<meta property=\"og:title\" content=\"Todo dia \u00e9 dia de \u00e1gua - Coden Ambiental\" \/>\n<meta property=\"og:description\" content=\"Reservat\u00f3rio de \u00c1gua Tratada de 5 mil m3 instalado na Coden Para a Coden, todo dia \u00e9 dia da \u00e1gua \u00c9 por saber da import\u00e2ncia da \u00e1gua em nossa vida que a Coden Ambiental, respons\u00e1vel pelos servi\u00e7os de Saneamento B\u00e1sico de Nova Odessa, trabalha para garantir uma \u00e1gua de qualidade, pura e cristalina. Em nosso [&hellip;]\" \/>\n<meta property=\"og:url\" content=\"https:\/\/coden.com.br\/semana-da-agua\/todo-dia-e-dia-de-agua\/\" \/>\n<meta property=\"og:site_name\" content=\"Coden Ambiental\" \/>\n<meta property=\"article:publisher\" content=\"https:\/\/www.facebook.com\/codenambiental\/\" \/>\n<meta property=\"article:modified_time\" content=\"2023-03-14T19:49:56+00:00\" \/>\n<meta property=\"og:image\" content=\"https:\/\/coden.com.br\/semana-da-agua\/wp-content\/uploads\/2022\/03\/Reservatorio-de-5-mil-m3-copiar.png\" \/>\n<meta name=\"twitter:card\" content=\"summary_large_image\" \/>\n<meta name=\"twitter:label1\" content=\"Est. tempo de leitura\" \/>\n\t<meta name=\"twitter:data1\" content=\"3 minutos\" \/>\n<script type=\"application\/ld+json\" class=\"yoast-schema-graph\">{\"@context\":\"https:\/\/schema.org\",\"@graph\":[{\"@type\":\"WebPage\",\"@id\":\"https:\/\/coden.com.br\/semana-da-agua\/todo-dia-e-dia-de-agua\/\",\"url\":\"https:\/\/coden.com.br\/semana-da-agua\/todo-dia-e-dia-de-agua\/\",\"name\":\"Todo dia \u00e9 dia de \u00e1gua - Coden Ambiental\",\"isPartOf\":{\"@id\":\"https:\/\/coden.com.br\/semana-da-agua\/#website\"},\"primaryImageOfPage\":{\"@id\":\"https:\/\/coden.com.br\/semana-da-agua\/todo-dia-e-dia-de-agua\/#primaryimage\"},\"image\":{\"@id\":\"https:\/\/coden.com.br\/semana-da-agua\/todo-dia-e-dia-de-agua\/#primaryimage\"},\"thumbnailUrl\":\"https:\/\/coden.com.br\/semana-da-agua\/wp-content\/uploads\/2022\/03\/Reservatorio-de-5-mil-m3-copiar.png\",\"datePublished\":\"2022-03-13T01:39:54+00:00\",\"dateModified\":\"2023-03-14T19:49:56+00:00\",\"breadcrumb\":{\"@id\":\"https:\/\/coden.com.br\/semana-da-agua\/todo-dia-e-dia-de-agua\/#breadcrumb\"},\"inLanguage\":\"pt-BR\",\"potentialAction\":[{\"@type\":\"ReadAction\",\"target\":[\"https:\/\/coden.com.br\/semana-da-agua\/todo-dia-e-dia-de-agua\/\"]}]},{\"@type\":\"ImageObject\",\"inLanguage\":\"pt-BR\",\"@id\":\"https:\/\/coden.com.br\/semana-da-agua\/todo-dia-e-dia-de-agua\/#primaryimage\",\"url\":\"https:\/\/coden.com.br\/semana-da-agua\/wp-content\/uploads\/2022\/03\/Reservatorio-de-5-mil-m3-copiar.png\",\"contentUrl\":\"https:\/\/coden.com.br\/semana-da-agua\/wp-content\/uploads\/2022\/03\/Reservatorio-de-5-mil-m3-copiar.png\",\"width\":567,\"height\":425},{\"@type\":\"BreadcrumbList\",\"@id\":\"https:\/\/coden.com.br\/semana-da-agua\/todo-dia-e-dia-de-agua\/#breadcrumb\",\"itemListElement\":[{\"@type\":\"ListItem\",\"position\":1,\"name\":\"In\u00edcio\",\"item\":\"https:\/\/coden.com.br\/semana-da-agua\/\"},{\"@type\":\"ListItem\",\"position\":2,\"name\":\"Todo dia \u00e9 dia de \u00e1gua\"}]},{\"@type\":\"WebSite\",\"@id\":\"https:\/\/coden.com.br\/semana-da-agua\/#website\",\"url\":\"https:\/\/coden.com.br\/semana-da-agua\/\",\"name\":\"Coden Ambiental\",\"description\":\"Semana da \u00c1gua Coden Ambiental\",\"publisher\":{\"@id\":\"https:\/\/coden.com.br\/semana-da-agua\/#organization\"},\"potentialAction\":[{\"@type\":\"SearchAction\",\"target\":{\"@type\":\"EntryPoint\",\"urlTemplate\":\"https:\/\/coden.com.br\/semana-da-agua\/?s={search_term_string}\"},\"query-input\":{\"@type\":\"PropertyValueSpecification\",\"valueRequired\":true,\"valueName\":\"search_term_string\"}}],\"inLanguage\":\"pt-BR\"},{\"@type\":\"Organization\",\"@id\":\"https:\/\/coden.com.br\/semana-da-agua\/#organization\",\"name\":\"Coden Ambinetal\",\"url\":\"https:\/\/coden.com.br\/semana-da-agua\/\",\"logo\":{\"@type\":\"ImageObject\",\"inLanguage\":\"pt-BR\",\"@id\":\"https:\/\/coden.com.br\/semana-da-agua\/#\/schema\/logo\/image\/\",\"url\":\"https:\/\/coden.com.br\/semana-da-agua\/wp-content\/uploads\/2022\/03\/cropped-logocoden.png\",\"contentUrl\":\"https:\/\/coden.com.br\/semana-da-agua\/wp-content\/uploads\/2022\/03\/cropped-logocoden.png\",\"width\":1043,\"height\":298,\"caption\":\"Coden Ambinetal\"},\"image\":{\"@id\":\"https:\/\/coden.com.br\/semana-da-agua\/#\/schema\/logo\/image\/\"},\"sameAs\":[\"https:\/\/www.facebook.com\/codenambiental\/\"]}]}<\/script>\n<!-- \/ Yoast SEO plugin. -->","yoast_head_json":{"title":"Todo dia \u00e9 dia de \u00e1gua - Coden Ambiental","robots":{"index":"index","follow":"follow","max-snippet":"max-snippet:-1","max-image-preview":"max-image-preview:large","max-video-preview":"max-video-preview:-1"},"canonical":"https:\/\/coden.com.br\/semana-da-agua\/todo-dia-e-dia-de-agua\/","og_locale":"pt_BR","og_type":"article","og_title":"Todo dia \u00e9 dia de \u00e1gua - Coden Ambiental","og_description":"Reservat\u00f3rio de \u00c1gua Tratada de 5 mil m3 instalado na Coden Para a Coden, todo dia \u00e9 dia da \u00e1gua \u00c9 por saber da import\u00e2ncia da \u00e1gua em nossa vida que a Coden Ambiental, respons\u00e1vel pelos servi\u00e7os de Saneamento B\u00e1sico de Nova Odessa, trabalha para garantir uma \u00e1gua de qualidade, pura e cristalina. Em nosso [&hellip;]","og_url":"https:\/\/coden.com.br\/semana-da-agua\/todo-dia-e-dia-de-agua\/","og_site_name":"Coden Ambiental","article_publisher":"https:\/\/www.facebook.com\/codenambiental\/","article_modified_time":"2023-03-14T19:49:56+00:00","og_image":[{"url":"https:\/\/coden.com.br\/semana-da-agua\/wp-content\/uploads\/2022\/03\/Reservatorio-de-5-mil-m3-copiar.png","type":"","width":"","height":""}],"twitter_card":"summary_large_image","twitter_misc":{"Est. tempo de leitura":"3 minutos"},"schema":{"@context":"https:\/\/schema.org","@graph":[{"@type":"WebPage","@id":"https:\/\/coden.com.br\/semana-da-agua\/todo-dia-e-dia-de-agua\/","url":"https:\/\/coden.com.br\/semana-da-agua\/todo-dia-e-dia-de-agua\/","name":"Todo dia \u00e9 dia de \u00e1gua - Coden Ambiental","isPartOf":{"@id":"https:\/\/coden.com.br\/semana-da-agua\/#website"},"primaryImageOfPage":{"@id":"https:\/\/coden.com.br\/semana-da-agua\/todo-dia-e-dia-de-agua\/#primaryimage"},"image":{"@id":"https:\/\/coden.com.br\/semana-da-agua\/todo-dia-e-dia-de-agua\/#primaryimage"},"thumbnailUrl":"https:\/\/coden.com.br\/semana-da-agua\/wp-content\/uploads\/2022\/03\/Reservatorio-de-5-mil-m3-copiar.png","datePublished":"2022-03-13T01:39:54+00:00","dateModified":"2023-03-14T19:49:56+00:00","breadcrumb":{"@id":"https:\/\/coden.com.br\/semana-da-agua\/todo-dia-e-dia-de-agua\/#breadcrumb"},"inLanguage":"pt-BR","potentialAction":[{"@type":"ReadAction","target":["https:\/\/coden.com.br\/semana-da-agua\/todo-dia-e-dia-de-agua\/"]}]},{"@type":"ImageObject","inLanguage":"pt-BR","@id":"https:\/\/coden.com.br\/semana-da-agua\/todo-dia-e-dia-de-agua\/#primaryimage","url":"https:\/\/coden.com.br\/semana-da-agua\/wp-content\/uploads\/2022\/03\/Reservatorio-de-5-mil-m3-copiar.png","contentUrl":"https:\/\/coden.com.br\/semana-da-agua\/wp-content\/uploads\/2022\/03\/Reservatorio-de-5-mil-m3-copiar.png","width":567,"height":425},{"@type":"BreadcrumbList","@id":"https:\/\/coden.com.br\/semana-da-agua\/todo-dia-e-dia-de-agua\/#breadcrumb","itemListElement":[{"@type":"ListItem","position":1,"name":"In\u00edcio","item":"https:\/\/coden.com.br\/semana-da-agua\/"},{"@type":"ListItem","position":2,"name":"Todo dia \u00e9 dia de \u00e1gua"}]},{"@type":"WebSite","@id":"https:\/\/coden.com.br\/semana-da-agua\/#website","url":"https:\/\/coden.com.br\/semana-da-agua\/","name":"Coden Ambiental","description":"Semana da \u00c1gua Coden Ambiental","publisher":{"@id":"https:\/\/coden.com.br\/semana-da-agua\/#organization"},"potentialAction":[{"@type":"SearchAction","target":{"@type":"EntryPoint","urlTemplate":"https:\/\/coden.com.br\/semana-da-agua\/?s={search_term_string}"},"query-input":{"@type":"PropertyValueSpecification","valueRequired":true,"valueName":"search_term_string"}}],"inLanguage":"pt-BR"},{"@type":"Organization","@id":"https:\/\/coden.com.br\/semana-da-agua\/#organization","name":"Coden Ambinetal","url":"https:\/\/coden.com.br\/semana-da-agua\/","logo":{"@type":"ImageObject","inLanguage":"pt-BR","@id":"https:\/\/coden.com.br\/semana-da-agua\/#\/schema\/logo\/image\/","url":"https:\/\/coden.com.br\/semana-da-agua\/wp-content\/uploads\/2022\/03\/cropped-logocoden.png","contentUrl":"https:\/\/coden.com.br\/semana-da-agua\/wp-content\/uploads\/2022\/03\/cropped-logocoden.png","width":1043,"height":298,"caption":"Coden Ambinetal"},"image":{"@id":"https:\/\/coden.com.br\/semana-da-agua\/#\/schema\/logo\/image\/"},"sameAs":["https:\/\/www.facebook.com\/codenambiental\/"]}]}},"_links":{"self":[{"href":"https:\/\/coden.com.br\/semana-da-agua\/wp-json\/wp\/v2\/pages\/208","targetHints":{"allow":["GET"]}}],"collection":[{"href":"https:\/\/coden.com.br\/semana-da-agua\/wp-json\/wp\/v2\/pages"}],"about":[{"href":"https:\/\/coden.com.br\/semana-da-agua\/wp-json\/wp\/v2\/types\/page"}],"author":[{"embeddable":true,"href":"https:\/\/coden.com.br\/semana-da-agua\/wp-json\/wp\/v2\/users\/2"}],"replies":[{"embeddable":true,"href":"https:\/\/coden.com.br\/semana-da-agua\/wp-json\/wp\/v2\/comments?post=208"}],"version-history":[{"count":29,"href":"https:\/\/coden.com.br\/semana-da-agua\/wp-json\/wp\/v2\/pages\/208\/revisions"}],"predecessor-version":[{"id":576,"href":"https:\/\/coden.com.br\/semana-da-agua\/wp-json\/wp\/v2\/pages\/208\/revisions\/576"}],"wp:attachment":[{"href":"https:\/\/coden.com.br\/semana-da-agua\/wp-json\/wp\/v2\/media?parent=208"}],"curies":[{"name":"wp","href":"https:\/\/api.w.org\/{rel}","templated":true}]}}