{"id":128,"date":"2022-03-04T00:21:18","date_gmt":"2022-03-04T00:21:18","guid":{"rendered":"https:\/\/coden.com.br\/semana-da-agua\/?page_id=128"},"modified":"2022-03-14T03:19:57","modified_gmt":"2022-03-14T03:19:57","slug":"contato","status":"publish","type":"page","link":"https:\/\/coden.com.br\/semana-da-agua\/contato\/","title":{"rendered":"Contato"},"content":{"rendered":"\t\t<div data-elementor-type=\"wp-page\" data-elementor-id=\"128\" class=\"elementor elementor-128\" data-elementor-post-type=\"page\">\n\t\t\t\t\t\t<section class=\"elementor-section elementor-top-section elementor-element elementor-element-13d5d453 elementor-section-boxed elementor-section-height-default elementor-section-height-default tf-sticky-section tf-sticky-no\" data-id=\"13d5d453\" data-element_type=\"section\" data-settings=\"{&quot;background_background&quot;:&quot;classic&quot;,&quot;shape_divider_bottom&quot;:&quot;mountains&quot;,&quot;tf_sticky&quot;:&quot;no&quot;}\">\n\t\t\t\t\t<div class=\"elementor-shape elementor-shape-bottom\" data-negative=\"false\">\n\t\t\t<svg xmlns=\"http:\/\/www.w3.org\/2000\/svg\" viewBox=\"0 0 1000 100\" preserveAspectRatio=\"none\">\n\t<path class=\"elementor-shape-fill\" opacity=\"0.33\" d=\"M473,67.3c-203.9,88.3-263.1-34-320.3,0C66,119.1,0,59.7,0,59.7V0h1000v59.7 c0,0-62.1,26.1-94.9,29.3c-32.8,3.3-62.8-12.3-75.8-22.1C806,49.6,745.3,8.7,694.9,4.7S492.4,59,473,67.3z\"\/>\n\t<path class=\"elementor-shape-fill\" opacity=\"0.66\" d=\"M734,67.3c-45.5,0-77.2-23.2-129.1-39.1c-28.6-8.7-150.3-10.1-254,39.1 s-91.7-34.4-149.2,0C115.7,118.3,0,39.8,0,39.8V0h1000v36.5c0,0-28.2-18.5-92.1-18.5C810.2,18.1,775.7,67.3,734,67.3z\"\/>\n\t<path class=\"elementor-shape-fill\" d=\"M766.1,28.9c-200-57.5-266,65.5-395.1,19.5C242,1.8,242,5.4,184.8,20.6C128,35.8,132.3,44.9,89.9,52.5C28.6,63.7,0,0,0,0 h1000c0,0-9.9,40.9-83.6,48.1S829.6,47,766.1,28.9z\"\/>\n<\/svg>\t\t<\/div>\n\t\t\t\t\t<div class=\"elementor-container elementor-column-gap-default\">\n\t\t\t\t\t<div class=\"elementor-column elementor-col-100 elementor-top-column elementor-element elementor-element-2992ec2c\" data-id=\"2992ec2c\" data-element_type=\"column\">\n\t\t\t<div class=\"elementor-widget-wrap elementor-element-populated\">\n\t\t\t\t\t\t<div class=\"elementor-element elementor-element-23ddb976 elementor-invisible elementor-widget elementor-widget-heading\" data-id=\"23ddb976\" data-element_type=\"widget\" data-settings=\"{&quot;_animation&quot;:&quot;fadeInUp&quot;}\" data-widget_type=\"heading.default\">\n\t\t\t\t<div class=\"elementor-widget-container\">\n\t\t\t\t\t<h3 class=\"elementor-heading-title elementor-size-default\">Entre em contato conosco<\/h3>\t\t\t\t<\/div>\n\t\t\t\t<\/div>\n\t\t\t\t\t<\/div>\n\t\t<\/div>\n\t\t\t\t\t<\/div>\n\t\t<\/section>\n\t\t\t\t<section class=\"elementor-section elementor-top-section elementor-element elementor-element-7a46e71 elementor-section-boxed elementor-section-height-default elementor-section-height-default tf-sticky-section tf-sticky-no\" data-id=\"7a46e71\" data-element_type=\"section\" data-settings=\"{&quot;tf_sticky&quot;:&quot;no&quot;}\">\n\t\t\t\t\t\t<div class=\"elementor-container elementor-column-gap-default\">\n\t\t\t\t\t<div class=\"elementor-column elementor-col-100 elementor-top-column elementor-element elementor-element-7616b5a4\" data-id=\"7616b5a4\" data-element_type=\"column\">\n\t\t\t<div class=\"elementor-widget-wrap elementor-element-populated\">\n\t\t\t\t\t\t<section class=\"elementor-section elementor-inner-section elementor-element elementor-element-6ba1d497 elementor-section-boxed elementor-section-height-default elementor-section-height-default tf-sticky-section tf-sticky-no\" data-id=\"6ba1d497\" data-element_type=\"section\" data-settings=\"{&quot;tf_sticky&quot;:&quot;no&quot;}\">\n\t\t\t\t\t\t<div class=\"elementor-container elementor-column-gap-default\">\n\t\t\t\t\t<div class=\"elementor-column elementor-col-33 elementor-inner-column elementor-element elementor-element-7c712136\" data-id=\"7c712136\" data-element_type=\"column\">\n\t\t\t<div class=\"elementor-widget-wrap elementor-element-populated\">\n\t\t\t\t\t\t<div class=\"elementor-element elementor-element-5a7cab22 elementor-widget elementor-widget-heading\" data-id=\"5a7cab22\" data-element_type=\"widget\" data-widget_type=\"heading.default\">\n\t\t\t\t<div class=\"elementor-widget-container\">\n\t\t\t\t\t<h4 class=\"elementor-heading-title elementor-size-default\">Sobre n\u00f3s<\/h4>\t\t\t\t<\/div>\n\t\t\t\t<\/div>\n\t\t\t\t<div class=\"elementor-element elementor-element-4907b91b elementor-widget elementor-widget-text-editor\" data-id=\"4907b91b\" data-element_type=\"widget\" data-widget_type=\"text-editor.default\">\n\t\t\t\t<div class=\"elementor-widget-container\">\n\t\t\t\t\t\t\t\t\t<p>Coden Ambiental, respons\u00e1vel pelos servi\u00e7os de Saneamento B\u00e1sico de Nova Odessa.<\/p>\t\t\t\t\t\t\t\t<\/div>\n\t\t\t\t<\/div>\n\t\t\t\t\t<\/div>\n\t\t<\/div>\n\t\t\t\t<div class=\"elementor-column elementor-col-33 elementor-inner-column elementor-element elementor-element-1a17ec5a\" data-id=\"1a17ec5a\" data-element_type=\"column\">\n\t\t\t<div class=\"elementor-widget-wrap elementor-element-populated\">\n\t\t\t\t\t\t<div class=\"elementor-element elementor-element-654ab1 elementor-widget elementor-widget-heading\" data-id=\"654ab1\" data-element_type=\"widget\" data-widget_type=\"heading.default\">\n\t\t\t\t<div class=\"elementor-widget-container\">\n\t\t\t\t\t<h4 class=\"elementor-heading-title elementor-size-default\">Endere\u00e7o<\/h4>\t\t\t\t<\/div>\n\t\t\t\t<\/div>\n\t\t\t\t<div class=\"elementor-element elementor-element-7514dfa9 elementor-widget elementor-widget-text-editor\" data-id=\"7514dfa9\" data-element_type=\"widget\" data-widget_type=\"text-editor.default\">\n\t\t\t\t<div class=\"elementor-widget-container\">\n\t\t\t\t\t\t\t\t\t<p class=\"global_description\">R. Eduardo Leekning, 550 &#8211; Jd. Bela Vista &#8211; Nova Odessa . SP<\/p><p class=\"global_description\">CEP 13385-016<\/p><p class=\"global_description text_azul_1\">\u00a0<\/p>\t\t\t\t\t\t\t\t<\/div>\n\t\t\t\t<\/div>\n\t\t\t\t\t<\/div>\n\t\t<\/div>\n\t\t\t\t<div class=\"elementor-column elementor-col-33 elementor-inner-column elementor-element elementor-element-6fc99cf4\" data-id=\"6fc99cf4\" data-element_type=\"column\">\n\t\t\t<div class=\"elementor-widget-wrap elementor-element-populated\">\n\t\t\t\t\t\t<div class=\"elementor-element elementor-element-5b4839b4 elementor-widget elementor-widget-heading\" data-id=\"5b4839b4\" data-element_type=\"widget\" data-widget_type=\"heading.default\">\n\t\t\t\t<div class=\"elementor-widget-container\">\n\t\t\t\t\t<h4 class=\"elementor-heading-title elementor-size-default\">Contato<\/h4>\t\t\t\t<\/div>\n\t\t\t\t<\/div>\n\t\t\t\t<div class=\"elementor-element elementor-element-5348088a elementor-widget elementor-widget-text-editor\" data-id=\"5348088a\" data-element_type=\"widget\" data-widget_type=\"text-editor.default\">\n\t\t\t\t<div class=\"elementor-widget-container\">\n\t\t\t\t\t\t\t\t\t<p class=\"global_title\"><strong>Telefones \u00fateis<\/strong><\/p><div class=\"telefones\"><p class=\"global_description numeroTelefoneFixo\">19 3476 8500<\/p><p id=\"whatsapp\" class=\"global_description\">19 9 9599 7766<\/p><p class=\"global_description numeroTelefoneFixo\">0800 771 1195<\/p><\/div>\t\t\t\t\t\t\t\t<\/div>\n\t\t\t\t<\/div>\n\t\t\t\t\t<\/div>\n\t\t<\/div>\n\t\t\t\t\t<\/div>\n\t\t<\/section>\n\t\t\t\t\t<\/div>\n\t\t<\/div>\n\t\t\t\t\t<\/div>\n\t\t<\/section>\n\t\t\t\t<section class=\"elementor-section elementor-top-section elementor-element elementor-element-4c7118be elementor-section-boxed elementor-section-height-default elementor-section-height-default tf-sticky-section tf-sticky-no\" data-id=\"4c7118be\" data-element_type=\"section\" data-settings=\"{&quot;tf_sticky&quot;:&quot;no&quot;}\">\n\t\t\t\t\t\t<div class=\"elementor-container elementor-column-gap-default\">\n\t\t\t\t\t<div class=\"elementor-column elementor-col-100 elementor-top-column elementor-element elementor-element-3f074e43\" data-id=\"3f074e43\" data-element_type=\"column\">\n\t\t\t<div class=\"elementor-widget-wrap elementor-element-populated\">\n\t\t\t\t\t\t<section class=\"elementor-section elementor-inner-section elementor-element elementor-element-df6848 elementor-section-boxed elementor-section-height-default elementor-section-height-default tf-sticky-section tf-sticky-no\" data-id=\"df6848\" data-element_type=\"section\" data-settings=\"{&quot;tf_sticky&quot;:&quot;no&quot;}\">\n\t\t\t\t\t\t<div class=\"elementor-container elementor-column-gap-default\">\n\t\t\t\t\t<div class=\"elementor-column elementor-col-100 elementor-inner-column elementor-element elementor-element-478130b1\" data-id=\"478130b1\" data-element_type=\"column\">\n\t\t\t<div class=\"elementor-widget-wrap elementor-element-populated\">\n\t\t\t\t\t\t<div class=\"elementor-element elementor-element-b4a8a22 elementor-invisible elementor-widget elementor-widget-heading\" data-id=\"b4a8a22\" data-element_type=\"widget\" data-settings=\"{&quot;_animation&quot;:&quot;fadeInUp&quot;}\" data-widget_type=\"heading.default\">\n\t\t\t\t<div class=\"elementor-widget-container\">\n\t\t\t\t\t<h3 class=\"elementor-heading-title elementor-size-default\">Envie uma mensagem<\/h3>\t\t\t\t<\/div>\n\t\t\t\t<\/div>\n\t\t\t\t<div class=\"elementor-element elementor-element-2853c42a elementor-button-align-stretch elementor-widget elementor-widget-form\" data-id=\"2853c42a\" data-element_type=\"widget\" data-settings=\"{&quot;step_next_label&quot;:&quot;Next&quot;,&quot;step_previous_label&quot;:&quot;Previous&quot;,&quot;button_width&quot;:&quot;100&quot;,&quot;step_type&quot;:&quot;number_text&quot;,&quot;step_icon_shape&quot;:&quot;circle&quot;}\" data-widget_type=\"form.default\">\n\t\t\t\t<div class=\"elementor-widget-container\">\n\t\t\t\t\t\t\t<form class=\"elementor-form\" method=\"post\" name=\"New Form\">\n\t\t\t<input type=\"hidden\" name=\"post_id\" value=\"128\"\/>\n\t\t\t<input type=\"hidden\" name=\"form_id\" value=\"2853c42a\"\/>\n\t\t\t<input type=\"hidden\" name=\"referer_title\" value=\"Coden Ambiental\" \/>\n\n\t\t\t\n\t\t\t<div class=\"elementor-form-fields-wrapper elementor-labels-\">\n\t\t\t\t\t\t\t\t<div class=\"elementor-field-type-text elementor-field-group elementor-column elementor-field-group-name elementor-col-50\">\n\t\t\t\t\t\t\t\t\t\t\t\t<label for=\"form-field-name\" class=\"elementor-field-label elementor-screen-only\">\n\t\t\t\t\t\t\t\tNome\t\t\t\t\t\t\t<\/label>\n\t\t\t\t\t\t\t\t\t\t\t\t\t\t<input size=\"1\" type=\"text\" name=\"form_fields[name]\" id=\"form-field-name\" class=\"elementor-field elementor-size-sm  elementor-field-textual\" placeholder=\"Nome\">\n\t\t\t\t\t\t\t\t\t\t\t<\/div>\n\t\t\t\t\t\t\t\t<div class=\"elementor-field-type-text elementor-field-group elementor-column elementor-field-group-field_6b35b2f elementor-col-50\">\n\t\t\t\t\t\t\t\t\t\t\t\t<label for=\"form-field-field_6b35b2f\" class=\"elementor-field-label elementor-screen-only\">\n\t\t\t\t\t\t\t\tTelefone\t\t\t\t\t\t\t<\/label>\n\t\t\t\t\t\t\t\t\t\t\t\t\t\t<input size=\"1\" type=\"text\" name=\"form_fields[field_6b35b2f]\" id=\"form-field-field_6b35b2f\" class=\"elementor-field elementor-size-sm  elementor-field-textual\" placeholder=\"Telefone\">\n\t\t\t\t\t\t\t\t\t\t\t<\/div>\n\t\t\t\t\t\t\t\t<div class=\"elementor-field-type-email elementor-field-group elementor-column elementor-field-group-email elementor-col-50 elementor-field-required\">\n\t\t\t\t\t\t\t\t\t\t\t\t<label for=\"form-field-email\" class=\"elementor-field-label elementor-screen-only\">\n\t\t\t\t\t\t\t\tE-mail\t\t\t\t\t\t\t<\/label>\n\t\t\t\t\t\t\t\t\t\t\t\t\t\t<input size=\"1\" type=\"email\" name=\"form_fields[email]\" id=\"form-field-email\" class=\"elementor-field elementor-size-sm  elementor-field-textual\" placeholder=\"E-mail\" required=\"required\" aria-required=\"true\">\n\t\t\t\t\t\t\t\t\t\t\t<\/div>\n\t\t\t\t\t\t\t\t<div class=\"elementor-field-type-text elementor-field-group elementor-column elementor-field-group-field_244f6ab elementor-col-50\">\n\t\t\t\t\t\t\t\t\t\t\t\t<label for=\"form-field-field_244f6ab\" class=\"elementor-field-label elementor-screen-only\">\n\t\t\t\t\t\t\t\tAssunto\t\t\t\t\t\t\t<\/label>\n\t\t\t\t\t\t\t\t\t\t\t\t\t\t<input size=\"1\" type=\"text\" name=\"form_fields[field_244f6ab]\" id=\"form-field-field_244f6ab\" class=\"elementor-field elementor-size-sm  elementor-field-textual\" placeholder=\"Assunto\">\n\t\t\t\t\t\t\t\t\t\t\t<\/div>\n\t\t\t\t\t\t\t\t<div class=\"elementor-field-type-textarea elementor-field-group elementor-column elementor-field-group-message elementor-col-100\">\n\t\t\t\t\t\t\t\t\t\t\t\t<label for=\"form-field-message\" class=\"elementor-field-label elementor-screen-only\">\n\t\t\t\t\t\t\t\tMensagem\t\t\t\t\t\t\t<\/label>\n\t\t\t\t\t\t<textarea class=\"elementor-field-textual elementor-field  elementor-size-sm\" name=\"form_fields[message]\" id=\"form-field-message\" rows=\"4\" placeholder=\"Mensagem\"><\/textarea>\t\t\t\t<\/div>\n\t\t\t\t\t\t\t\t<div class=\"elementor-field-group elementor-column elementor-field-type-submit elementor-col-100 e-form__buttons\">\n\t\t\t\t\t<button class=\"elementor-button elementor-size-sm\" type=\"submit\">\n\t\t\t\t\t\t<span class=\"elementor-button-content-wrapper\">\n\t\t\t\t\t\t\t\t\t\t\t\t\t\t\t\t\t\t\t\t\t\t<span class=\"elementor-button-text\">Enviar<\/span>\n\t\t\t\t\t\t\t\t\t\t\t\t\t<\/span>\n\t\t\t\t\t<\/button>\n\t\t\t\t<\/div>\n\t\t\t<\/div>\n\t\t<\/form>\n\t\t\t\t\t\t<\/div>\n\t\t\t\t<\/div>\n\t\t\t\t\t<\/div>\n\t\t<\/div>\n\t\t\t\t\t<\/div>\n\t\t<\/section>\n\t\t\t\t\t<\/div>\n\t\t<\/div>\n\t\t\t\t\t<\/div>\n\t\t<\/section>\n\t\t\t\t<section class=\"elementor-section elementor-top-section elementor-element elementor-element-63cdefcc elementor-section-full_width elementor-section-height-default elementor-section-height-default tf-sticky-section tf-sticky-no\" data-id=\"63cdefcc\" data-element_type=\"section\" data-settings=\"{&quot;tf_sticky&quot;:&quot;no&quot;}\">\n\t\t\t\t\t\t<div class=\"elementor-container elementor-column-gap-default\">\n\t\t\t\t\t<div class=\"elementor-column elementor-col-100 elementor-top-column elementor-element elementor-element-310f73cc\" data-id=\"310f73cc\" data-element_type=\"column\">\n\t\t\t<div class=\"elementor-widget-wrap elementor-element-populated\">\n\t\t\t\t\t\t<div class=\"elementor-element elementor-element-5c4a0a16 elementor-widget elementor-widget-google_maps\" data-id=\"5c4a0a16\" data-element_type=\"widget\" data-widget_type=\"google_maps.default\">\n\t\t\t\t<div class=\"elementor-widget-container\">\n\t\t\t\t\t\t\t<div class=\"elementor-custom-embed\">\n\t\t\t<iframe loading=\"lazy\"\n\t\t\t\t\tsrc=\"https:\/\/maps.google.com\/maps?q=R.%20Eduardo%20Leekning%2C%20550%20-%20Jd.%20Bela%20Vista%20-%20Nova%20Odessa%20.%20SP%20CEP%2013385-016&#038;t=m&#038;z=16&#038;output=embed&#038;iwloc=near\"\n\t\t\t\t\ttitle=\"R. Eduardo Leekning, 550 - Jd. Bela Vista - Nova Odessa . SP CEP 13385-016\"\n\t\t\t\t\taria-label=\"R. Eduardo Leekning, 550 - Jd. Bela Vista - Nova Odessa . SP CEP 13385-016\"\n\t\t\t><\/iframe>\n\t\t<\/div>\n\t\t\t\t\t\t<\/div>\n\t\t\t\t<\/div>\n\t\t\t\t\t<\/div>\n\t\t<\/div>\n\t\t\t\t\t<\/div>\n\t\t<\/section>\n\t\t\t\t<\/div>\n\t\t","protected":false},"excerpt":{"rendered":"<p>Entre em contato conosco Sobre n\u00f3s Coden Ambiental, respons\u00e1vel pelos servi\u00e7os de Saneamento B\u00e1sico de Nova Odessa. Endere\u00e7o R. Eduardo Leekning, 550 &#8211; Jd. Bela Vista &#8211; Nova Odessa . SP CEP 13385-016 \u00a0 Contato Telefones \u00fateis 19 3476 8500 19 9 9599 7766 0800 771 1195 Envie uma mensagem<\/p>\n","protected":false},"author":1,"featured_media":0,"parent":0,"menu_order":0,"comment_status":"closed","ping_status":"closed","template":"elementor_header_footer","meta":{"footnotes":""},"class_list":["post-128","page","type-page","status-publish","hentry"],"yoast_head":"<!-- This site is optimized with the Yoast SEO plugin v26.9 - https:\/\/yoast.com\/product\/yoast-seo-wordpress\/ -->\n<title>Contato - Coden Ambiental<\/title>\n<meta name=\"robots\" content=\"index, follow, max-snippet:-1, max-image-preview:large, max-video-preview:-1\" \/>\n<link rel=\"canonical\" href=\"https:\/\/coden.com.br\/semana-da-agua\/contato\/\" \/>\n<meta property=\"og:locale\" content=\"pt_BR\" \/>\n<meta property=\"og:type\" content=\"article\" \/>\n<meta property=\"og:title\" content=\"Contato - Coden Ambiental\" \/>\n<meta property=\"og:description\" content=\"Entre em contato conosco Sobre n\u00f3s Coden Ambiental, respons\u00e1vel pelos servi\u00e7os de Saneamento B\u00e1sico de Nova Odessa. Endere\u00e7o R. Eduardo Leekning, 550 &#8211; Jd. Bela Vista &#8211; Nova Odessa . SP CEP 13385-016 \u00a0 Contato Telefones \u00fateis 19 3476 8500 19 9 9599 7766 0800 771 1195 Envie uma mensagem\" \/>\n<meta property=\"og:url\" content=\"https:\/\/coden.com.br\/semana-da-agua\/contato\/\" \/>\n<meta property=\"og:site_name\" content=\"Coden Ambiental\" \/>\n<meta property=\"article:publisher\" content=\"https:\/\/www.facebook.com\/codenambiental\/\" \/>\n<meta property=\"article:modified_time\" content=\"2022-03-14T03:19:57+00:00\" \/>\n<meta property=\"og:image\" content=\"https:\/\/coden.com.br\/semana-da-agua\/wp-content\/uploads\/2022\/03\/cropped-logocoden.png\" \/>\n\t<meta property=\"og:image:width\" content=\"1043\" \/>\n\t<meta property=\"og:image:height\" content=\"298\" \/>\n\t<meta property=\"og:image:type\" content=\"image\/png\" \/>\n<meta name=\"twitter:card\" content=\"summary_large_image\" \/>\n<meta name=\"twitter:label1\" content=\"Est. tempo de leitura\" \/>\n\t<meta name=\"twitter:data1\" content=\"1 minuto\" \/>\n<script type=\"application\/ld+json\" class=\"yoast-schema-graph\">{\"@context\":\"https:\/\/schema.org\",\"@graph\":[{\"@type\":\"WebPage\",\"@id\":\"https:\/\/coden.com.br\/semana-da-agua\/contato\/\",\"url\":\"https:\/\/coden.com.br\/semana-da-agua\/contato\/\",\"name\":\"Contato - Coden Ambiental\",\"isPartOf\":{\"@id\":\"https:\/\/coden.com.br\/semana-da-agua\/#website\"},\"datePublished\":\"2022-03-04T00:21:18+00:00\",\"dateModified\":\"2022-03-14T03:19:57+00:00\",\"breadcrumb\":{\"@id\":\"https:\/\/coden.com.br\/semana-da-agua\/contato\/#breadcrumb\"},\"inLanguage\":\"pt-BR\",\"potentialAction\":[{\"@type\":\"ReadAction\",\"target\":[\"https:\/\/coden.com.br\/semana-da-agua\/contato\/\"]}]},{\"@type\":\"BreadcrumbList\",\"@id\":\"https:\/\/coden.com.br\/semana-da-agua\/contato\/#breadcrumb\",\"itemListElement\":[{\"@type\":\"ListItem\",\"position\":1,\"name\":\"In\u00edcio\",\"item\":\"https:\/\/coden.com.br\/semana-da-agua\/\"},{\"@type\":\"ListItem\",\"position\":2,\"name\":\"Contato\"}]},{\"@type\":\"WebSite\",\"@id\":\"https:\/\/coden.com.br\/semana-da-agua\/#website\",\"url\":\"https:\/\/coden.com.br\/semana-da-agua\/\",\"name\":\"Coden Ambiental\",\"description\":\"Semana da \u00c1gua Coden Ambiental\",\"publisher\":{\"@id\":\"https:\/\/coden.com.br\/semana-da-agua\/#organization\"},\"potentialAction\":[{\"@type\":\"SearchAction\",\"target\":{\"@type\":\"EntryPoint\",\"urlTemplate\":\"https:\/\/coden.com.br\/semana-da-agua\/?s={search_term_string}\"},\"query-input\":{\"@type\":\"PropertyValueSpecification\",\"valueRequired\":true,\"valueName\":\"search_term_string\"}}],\"inLanguage\":\"pt-BR\"},{\"@type\":\"Organization\",\"@id\":\"https:\/\/coden.com.br\/semana-da-agua\/#organization\",\"name\":\"Coden Ambinetal\",\"url\":\"https:\/\/coden.com.br\/semana-da-agua\/\",\"logo\":{\"@type\":\"ImageObject\",\"inLanguage\":\"pt-BR\",\"@id\":\"https:\/\/coden.com.br\/semana-da-agua\/#\/schema\/logo\/image\/\",\"url\":\"https:\/\/coden.com.br\/semana-da-agua\/wp-content\/uploads\/2022\/03\/cropped-logocoden.png\",\"contentUrl\":\"https:\/\/coden.com.br\/semana-da-agua\/wp-content\/uploads\/2022\/03\/cropped-logocoden.png\",\"width\":1043,\"height\":298,\"caption\":\"Coden Ambinetal\"},\"image\":{\"@id\":\"https:\/\/coden.com.br\/semana-da-agua\/#\/schema\/logo\/image\/\"},\"sameAs\":[\"https:\/\/www.facebook.com\/codenambiental\/\"]}]}<\/script>\n<!-- \/ Yoast SEO plugin. -->","yoast_head_json":{"title":"Contato - Coden Ambiental","robots":{"index":"index","follow":"follow","max-snippet":"max-snippet:-1","max-image-preview":"max-image-preview:large","max-video-preview":"max-video-preview:-1"},"canonical":"https:\/\/coden.com.br\/semana-da-agua\/contato\/","og_locale":"pt_BR","og_type":"article","og_title":"Contato - Coden Ambiental","og_description":"Entre em contato conosco Sobre n\u00f3s Coden Ambiental, respons\u00e1vel pelos servi\u00e7os de Saneamento B\u00e1sico de Nova Odessa. Endere\u00e7o R. Eduardo Leekning, 550 &#8211; Jd. Bela Vista &#8211; Nova Odessa . SP CEP 13385-016 \u00a0 Contato Telefones \u00fateis 19 3476 8500 19 9 9599 7766 0800 771 1195 Envie uma mensagem","og_url":"https:\/\/coden.com.br\/semana-da-agua\/contato\/","og_site_name":"Coden Ambiental","article_publisher":"https:\/\/www.facebook.com\/codenambiental\/","article_modified_time":"2022-03-14T03:19:57+00:00","og_image":[{"width":1043,"height":298,"url":"https:\/\/coden.com.br\/semana-da-agua\/wp-content\/uploads\/2022\/03\/cropped-logocoden.png","type":"image\/png"}],"twitter_card":"summary_large_image","twitter_misc":{"Est. tempo de leitura":"1 minuto"},"schema":{"@context":"https:\/\/schema.org","@graph":[{"@type":"WebPage","@id":"https:\/\/coden.com.br\/semana-da-agua\/contato\/","url":"https:\/\/coden.com.br\/semana-da-agua\/contato\/","name":"Contato - Coden Ambiental","isPartOf":{"@id":"https:\/\/coden.com.br\/semana-da-agua\/#website"},"datePublished":"2022-03-04T00:21:18+00:00","dateModified":"2022-03-14T03:19:57+00:00","breadcrumb":{"@id":"https:\/\/coden.com.br\/semana-da-agua\/contato\/#breadcrumb"},"inLanguage":"pt-BR","potentialAction":[{"@type":"ReadAction","target":["https:\/\/coden.com.br\/semana-da-agua\/contato\/"]}]},{"@type":"BreadcrumbList","@id":"https:\/\/coden.com.br\/semana-da-agua\/contato\/#breadcrumb","itemListElement":[{"@type":"ListItem","position":1,"name":"In\u00edcio","item":"https:\/\/coden.com.br\/semana-da-agua\/"},{"@type":"ListItem","position":2,"name":"Contato"}]},{"@type":"WebSite","@id":"https:\/\/coden.com.br\/semana-da-agua\/#website","url":"https:\/\/coden.com.br\/semana-da-agua\/","name":"Coden Ambiental","description":"Semana da \u00c1gua Coden Ambiental","publisher":{"@id":"https:\/\/coden.com.br\/semana-da-agua\/#organization"},"potentialAction":[{"@type":"SearchAction","target":{"@type":"EntryPoint","urlTemplate":"https:\/\/coden.com.br\/semana-da-agua\/?s={search_term_string}"},"query-input":{"@type":"PropertyValueSpecification","valueRequired":true,"valueName":"search_term_string"}}],"inLanguage":"pt-BR"},{"@type":"Organization","@id":"https:\/\/coden.com.br\/semana-da-agua\/#organization","name":"Coden Ambinetal","url":"https:\/\/coden.com.br\/semana-da-agua\/","logo":{"@type":"ImageObject","inLanguage":"pt-BR","@id":"https:\/\/coden.com.br\/semana-da-agua\/#\/schema\/logo\/image\/","url":"https:\/\/coden.com.br\/semana-da-agua\/wp-content\/uploads\/2022\/03\/cropped-logocoden.png","contentUrl":"https:\/\/coden.com.br\/semana-da-agua\/wp-content\/uploads\/2022\/03\/cropped-logocoden.png","width":1043,"height":298,"caption":"Coden Ambinetal"},"image":{"@id":"https:\/\/coden.com.br\/semana-da-agua\/#\/schema\/logo\/image\/"},"sameAs":["https:\/\/www.facebook.com\/codenambiental\/"]}]}},"_links":{"self":[{"href":"https:\/\/coden.com.br\/semana-da-agua\/wp-json\/wp\/v2\/pages\/128","targetHints":{"allow":["GET"]}}],"collection":[{"href":"https:\/\/coden.com.br\/semana-da-agua\/wp-json\/wp\/v2\/pages"}],"about":[{"href":"https:\/\/coden.com.br\/semana-da-agua\/wp-json\/wp\/v2\/types\/page"}],"author":[{"embeddable":true,"href":"https:\/\/coden.com.br\/semana-da-agua\/wp-json\/wp\/v2\/users\/1"}],"replies":[{"embeddable":true,"href":"https:\/\/coden.com.br\/semana-da-agua\/wp-json\/wp\/v2\/comments?post=128"}],"version-history":[{"count":19,"href":"https:\/\/coden.com.br\/semana-da-agua\/wp-json\/wp\/v2\/pages\/128\/revisions"}],"predecessor-version":[{"id":506,"href":"https:\/\/coden.com.br\/semana-da-agua\/wp-json\/wp\/v2\/pages\/128\/revisions\/506"}],"wp:attachment":[{"href":"https:\/\/coden.com.br\/semana-da-agua\/wp-json\/wp\/v2\/media?parent=128"}],"curies":[{"name":"wp","href":"https:\/\/api.w.org\/{rel}","templated":true}]}}